{"id":346,"date":"2024-04-09T20:11:49","date_gmt":"2024-04-09T18:11:49","guid":{"rendered":"https:\/\/autoecole-defontaine.fr\/?page_id=346"},"modified":"2024-04-18T19:36:56","modified_gmt":"2024-04-18T17:36:56","slug":"conduites-supervises","status":"publish","type":"page","link":"https:\/\/autoecole-defontaine.fr\/index.php\/conduites-supervises\/","title":{"rendered":"Conduites supervis\u00e9es"},"content":{"rendered":"\n<h2 class=\"wp-block-heading has-text-align-center\">Conduite supervis\u00e9es (CS)<\/h2>\n\n\n\n<div class=\"wp-block-columns alignfull are-vertically-aligned-center has-background is-layout-flex wp-container-core-columns-is-layout-e793c14b wp-block-columns-is-layout-flex\" style=\"background:linear-gradient(135deg,rgb(212,100,43) 0%,rgb(203,34,41) 100%);margin-top:0;margin-bottom:0;padding-top:var(--wp--preset--spacing--50);padding-right:var(--wp--preset--spacing--60);padding-bottom:var(--wp--preset--spacing--50);padding-left:var(--wp--preset--spacing--60)\">\n<div class=\"wp-block-column is-vertically-aligned-center is-layout-flow wp-block-column-is-layout-flow\">\n<figure class=\"wp-block-image aligncenter size-full is-resized\"><img loading=\"lazy\" decoding=\"async\" width=\"200\" height=\"200\" src=\"http:\/\/autoecole-defontaine.fr\/wp-content\/uploads\/2024\/04\/Logo-conduite-supervises-Blanc.png\" alt=\"\" class=\"wp-image-423\" style=\"box-shadow:none;width:136px;height:auto\" srcset=\"https:\/\/autoecole-defontaine.fr\/wp-content\/uploads\/2024\/04\/Logo-conduite-supervises-Blanc.png 200w, https:\/\/autoecole-defontaine.fr\/wp-content\/uploads\/2024\/04\/Logo-conduite-supervises-Blanc-150x150.png 150w\" sizes=\"auto, (max-width: 200px) 100vw, 200px\" \/><\/figure>\n<\/div>\n<\/div>\n\n\n\n<div class=\"wp-block-columns is-layout-flex wp-container-core-columns-is-layout-b2c57332 wp-block-columns-is-layout-flex\" style=\"margin-top:50px;padding-top:var(--wp--preset--spacing--60);padding-bottom:var(--wp--preset--spacing--60)\">\n<div class=\"wp-block-column is-vertically-aligned-center has-background is-layout-flow wp-container-core-column-is-layout-25b5a5e0 wp-block-column-is-layout-flow\" style=\"border-style:none;border-width:0px;background-color:#f4f4f4;padding-top:var(--wp--preset--spacing--20);padding-right:var(--wp--preset--spacing--40);padding-bottom:var(--wp--preset--spacing--20);padding-left:var(--wp--preset--spacing--40);box-shadow:var(--wp--preset--shadow--natural)\">\n<h3 class=\"wp-block-heading has-text-align-center has-black-color has-text-color has-link-color wp-elements-ec17bbb7a7f5e2b0fed7976051ebe876\" style=\"margin-top:16px\">Tarif formation conduite supervis\u00e9es<\/h3>\n\n\n\n<hr class=\"wp-block-separator has-text-color has-black-color has-alpha-channel-opacity has-black-background-color has-background\"\/>\n\n\n\n<h2 class=\"wp-block-heading has-text-align-center has-ast-global-color-7-color has-text-color has-link-color wp-elements-81b0b037994b55b9e8372786112aea4e\" style=\"margin-top:16px\">48\u20ac\/heure<\/h2>\n\n\n\n<div style=\"height:15px\" aria-hidden=\"true\" class=\"wp-block-spacer\"><\/div>\n<\/div>\n<\/div>\n\n\n\n<hr class=\"wp-block-separator has-text-color has-ast-global-color-4-color has-alpha-channel-opacity has-ast-global-color-4-background-color has-background is-style-wide\"\/>\n\n\n\n<h3 class=\"wp-block-heading has-text-align-center\">Les conditions pour b\u00e9n\u00e9ficier de la conduite supervis\u00e9es<\/h3>\n\n\n\n<p class=\"has-text-align-center\">D\u00e8s 18 ans, la conduite supervis\u00e9e vous offre la possibilit\u00e9 de compl\u00e9ter votre formation initiale permettant d\u2019acqu\u00e9rir davantage d\u2019exp\u00e9riences, afin de passer ensuite l\u2019\u00e9preuve pratique dans des conditions sereines.<\/p>\n\n\n\n<p class=\"has-text-align-center\">Comme pour la conduite accompagn\u00e9e, vous devez pr\u00e9alable avoir r\u00e9ussi l\u2019\u00e9preuve du code et avoir suivi au moins 20h de conduite en \u00e9cole de conduite (13 heures en cas de formation sur bo\u00eete de vitesses automatique).<\/p>\n\n\n\n<p class=\"has-text-align-center\">\u00c0 la fin de la formation initiale, c\u2019est l\u2019enseignant qui vous autorise \u00e0 opter pour la conduite supervis\u00e9e en fonction de vos comp\u00e9tences et de votre comportement au volant.<\/p>\n\n\n\n<h3 class=\"wp-block-heading has-text-align-center\">LE RENDEZ-VOUS PR\u00c9ALABLE<\/h3>\n\n\n\n<p class=\"has-text-align-center\">D\u2019une dur\u00e9e minimale de 2h, le RDV pr\u00e9alable consiste en une s\u00e9quence de conduite sur un v\u00e9hicule de l\u2019\u00e9tablissement.<\/p>\n\n\n\n<ul class=\"wp-block-list\">\n<li>Il r\u00e9unit l\u2019\u00e9l\u00e8ve, install\u00e9 au poste de conduite, l\u2019enseignant \u00e0 ses c\u00f4t\u00e9s et l\u2019accompagnateurassis \u00e0 l\u2019arri\u00e8re, afin de r\u00e9aliser le \u00abpassage de relais\u00bb entre l\u2019enseignant de la conduite et l\u2019accompagnateur.<\/li>\n\n\n\n<li>\u00c0 la fin de cette s\u00e9ance, un guide est remis \u00e0 l\u2019accompagnateur, dans lequel il trouvera les informations utiles \u00e0 la formation du futur conducteur.<\/li>\n<\/ul>\n\n\n\n<h3 class=\"wp-block-heading has-text-align-center\">Les r\u00e9gles pendant la conduite supervis\u00e9e<\/h3>\n\n\n\n<p class=\"has-text-align-center\">Pendant toute la p\u00e9riode de conduite supervis\u00e9e : <\/p>\n\n\n\n<ul class=\"wp-block-list\">\n<li>Ne pas franchir les fronti\u00e8res fran\u00e7aises<\/li>\n\n\n\n<li>Votre v\u00e9hicule est \u00e9quip\u00e9 de 2 r\u00e9troviseurs lat\u00e9raux <em><mark style=\"background-color:rgba(0, 0, 0, 0)\" class=\"has-inline-color has-ast-global-color-3-color\">(l\u2019accompagnateur peut ajouter un second r\u00e9troviseur droit et un second r\u00e9troviseur central pour mieux voir vers l\u2019arri\u00e8re) <\/mark><\/em><\/li>\n\n\n\n<li>L&rsquo;ajout du disque \u00abconduite accompagn\u00e9e\u00bb<\/li>\n\n\n\n<li>Attestation de fin de formation (AFFI), avec livret num\u00e9rique<\/li>\n<\/ul>\n\n\n\n<p><\/p>\n","protected":false},"excerpt":{"rendered":"<p>Conduite supervis\u00e9es (CS) Tarif formation conduite supervis\u00e9es 48\u20ac\/heure Les conditions pour b\u00e9n\u00e9ficier de la conduite supervis\u00e9es D\u00e8s 18 ans, la [&hellip;]<\/p>\n","protected":false},"author":1,"featured_media":0,"parent":0,"menu_order":0,"comment_status":"closed","ping_status":"closed","template":"","meta":{"site-sidebar-layout":"default","site-content-layout":"","ast-site-content-layout":"","site-content-style":"default","site-sidebar-style":"default","ast-global-header-display":"","ast-banner-title-visibility":"","ast-main-header-display":"","ast-hfb-above-header-display":"","ast-hfb-below-header-display":"","ast-hfb-mobile-header-display":"","site-post-title":"","ast-breadcrumbs-content":"","ast-featured-img":"","footer-sml-layout":"","theme-transparent-header-meta":"","adv-header-id-meta":"","stick-header-meta":"","header-above-stick-meta":"","header-main-stick-meta":"","header-below-stick-meta":"","astra-migrate-meta-layouts":"default","ast-page-background-enabled":"default","ast-page-background-meta":{"desktop":{"background-color":"var(--ast-global-color-4)","background-image":"","background-repeat":"repeat","background-position":"center center","background-size":"auto","background-attachment":"scroll","background-type":"","background-media":"","overlay-type":"","overlay-color":"","overlay-gradient":""},"tablet":{"background-color":"","background-image":"","background-repeat":"repeat","background-position":"center center","background-size":"auto","background-attachment":"scroll","background-type":"","background-media":"","overlay-type":"","overlay-color":"","overlay-gradient":""},"mobile":{"background-color":"","background-image":"","background-repeat":"repeat","background-position":"center center","background-size":"auto","background-attachment":"scroll","background-type":"","background-media":"","overlay-type":"","overlay-color":"","overlay-gradient":""}},"ast-content-background-meta":{"desktop":{"background-color":"var(--ast-global-color-5)","background-image":"","background-repeat":"repeat","background-position":"center center","background-size":"auto","background-attachment":"scroll","background-type":"","background-media":"","overlay-type":"","overlay-color":"","overlay-gradient":""},"tablet":{"background-color":"var(--ast-global-color-5)","background-image":"","background-repeat":"repeat","background-position":"center center","background-size":"auto","background-attachment":"scroll","background-type":"","background-media":"","overlay-type":"","overlay-color":"","overlay-gradient":""},"mobile":{"background-color":"var(--ast-global-color-5)","background-image":"","background-repeat":"repeat","background-position":"center center","background-size":"auto","background-attachment":"scroll","background-type":"","background-media":"","overlay-type":"","overlay-color":"","overlay-gradient":""}},"iawp_total_views":90,"footnotes":""},"class_list":["post-346","page","type-page","status-publish","hentry"],"yoast_head":"<!-- This site is optimized with the Yoast SEO plugin v23.1 - https:\/\/yoast.com\/wordpress\/plugins\/seo\/ -->\n<title>Conduites supervis\u00e9es - Auto Ecole Defontaine<\/title>\n<meta name=\"robots\" content=\"index, follow, max-snippet:-1, max-image-preview:large, max-video-preview:-1\" \/>\n<link rel=\"canonical\" href=\"https:\/\/autoecole-defontaine.fr\/index.php\/conduites-supervises\/\" \/>\n<meta property=\"og:locale\" content=\"fr_FR\" \/>\n<meta property=\"og:type\" content=\"article\" \/>\n<meta property=\"og:title\" content=\"Conduites supervis\u00e9es - Auto Ecole Defontaine\" \/>\n<meta property=\"og:description\" content=\"Conduite supervis\u00e9es (CS) Tarif formation conduite supervis\u00e9es 48\u20ac\/heure Les conditions pour b\u00e9n\u00e9ficier de la conduite supervis\u00e9es D\u00e8s 18 ans, la [&hellip;]\" \/>\n<meta property=\"og:url\" content=\"https:\/\/autoecole-defontaine.fr\/index.php\/conduites-supervises\/\" \/>\n<meta property=\"og:site_name\" content=\"Auto Ecole Defontaine\" \/>\n<meta property=\"article:modified_time\" content=\"2024-04-18T17:36:56+00:00\" \/>\n<meta property=\"og:image\" content=\"http:\/\/autoecole-defontaine.fr\/wp-content\/uploads\/2024\/04\/Logo-conduite-supervises-Blanc.png\" \/>\n<meta name=\"twitter:card\" content=\"summary_large_image\" \/>\n<meta name=\"twitter:label1\" content=\"Dur\u00e9e de lecture estim\u00e9e\" \/>\n\t<meta name=\"twitter:data1\" content=\"1 minute\" \/>\n<script type=\"application\/ld+json\" class=\"yoast-schema-graph\">{\"@context\":\"https:\/\/schema.org\",\"@graph\":[{\"@type\":\"WebPage\",\"@id\":\"https:\/\/autoecole-defontaine.fr\/index.php\/conduites-supervises\/\",\"url\":\"https:\/\/autoecole-defontaine.fr\/index.php\/conduites-supervises\/\",\"name\":\"Conduites supervis\u00e9es - Auto Ecole Defontaine\",\"isPartOf\":{\"@id\":\"https:\/\/autoecole-defontaine.fr\/#website\"},\"primaryImageOfPage\":{\"@id\":\"https:\/\/autoecole-defontaine.fr\/index.php\/conduites-supervises\/#primaryimage\"},\"image\":{\"@id\":\"https:\/\/autoecole-defontaine.fr\/index.php\/conduites-supervises\/#primaryimage\"},\"thumbnailUrl\":\"http:\/\/autoecole-defontaine.fr\/wp-content\/uploads\/2024\/04\/Logo-conduite-supervises-Blanc.png\",\"datePublished\":\"2024-04-09T18:11:49+00:00\",\"dateModified\":\"2024-04-18T17:36:56+00:00\",\"breadcrumb\":{\"@id\":\"https:\/\/autoecole-defontaine.fr\/index.php\/conduites-supervises\/#breadcrumb\"},\"inLanguage\":\"fr-FR\",\"potentialAction\":[{\"@type\":\"ReadAction\",\"target\":[\"https:\/\/autoecole-defontaine.fr\/index.php\/conduites-supervises\/\"]}]},{\"@type\":\"ImageObject\",\"inLanguage\":\"fr-FR\",\"@id\":\"https:\/\/autoecole-defontaine.fr\/index.php\/conduites-supervises\/#primaryimage\",\"url\":\"https:\/\/autoecole-defontaine.fr\/wp-content\/uploads\/2024\/04\/Logo-conduite-supervises-Blanc.png\",\"contentUrl\":\"https:\/\/autoecole-defontaine.fr\/wp-content\/uploads\/2024\/04\/Logo-conduite-supervises-Blanc.png\",\"width\":200,\"height\":200},{\"@type\":\"BreadcrumbList\",\"@id\":\"https:\/\/autoecole-defontaine.fr\/index.php\/conduites-supervises\/#breadcrumb\",\"itemListElement\":[{\"@type\":\"ListItem\",\"position\":1,\"name\":\"Accueil\",\"item\":\"https:\/\/autoecole-defontaine.fr\/\"},{\"@type\":\"ListItem\",\"position\":2,\"name\":\"Conduites supervis\u00e9es\"}]},{\"@type\":\"WebSite\",\"@id\":\"https:\/\/autoecole-defontaine.fr\/#website\",\"url\":\"https:\/\/autoecole-defontaine.fr\/\",\"name\":\"Auto Ecole Defontaine\",\"description\":\"Laon 02\",\"publisher\":{\"@id\":\"https:\/\/autoecole-defontaine.fr\/#organization\"},\"potentialAction\":[{\"@type\":\"SearchAction\",\"target\":{\"@type\":\"EntryPoint\",\"urlTemplate\":\"https:\/\/autoecole-defontaine.fr\/?s={search_term_string}\"},\"query-input\":\"required name=search_term_string\"}],\"inLanguage\":\"fr-FR\"},{\"@type\":\"Organization\",\"@id\":\"https:\/\/autoecole-defontaine.fr\/#organization\",\"name\":\"Auto Ecole Defontaine\",\"url\":\"https:\/\/autoecole-defontaine.fr\/\",\"logo\":{\"@type\":\"ImageObject\",\"inLanguage\":\"fr-FR\",\"@id\":\"https:\/\/autoecole-defontaine.fr\/#\/schema\/logo\/image\/\",\"url\":\"https:\/\/autoecole-defontaine.fr\/wp-content\/uploads\/2024\/04\/cropped-Logo-En-Tete-1.png\",\"contentUrl\":\"https:\/\/autoecole-defontaine.fr\/wp-content\/uploads\/2024\/04\/cropped-Logo-En-Tete-1.png\",\"width\":250,\"height\":33,\"caption\":\"Auto Ecole Defontaine\"},\"image\":{\"@id\":\"https:\/\/autoecole-defontaine.fr\/#\/schema\/logo\/image\/\"}}]}<\/script>\n<!-- \/ Yoast SEO plugin. -->","yoast_head_json":{"title":"Conduites supervis\u00e9es - Auto Ecole Defontaine","robots":{"index":"index","follow":"follow","max-snippet":"max-snippet:-1","max-image-preview":"max-image-preview:large","max-video-preview":"max-video-preview:-1"},"canonical":"https:\/\/autoecole-defontaine.fr\/index.php\/conduites-supervises\/","og_locale":"fr_FR","og_type":"article","og_title":"Conduites supervis\u00e9es - Auto Ecole Defontaine","og_description":"Conduite supervis\u00e9es (CS) Tarif formation conduite supervis\u00e9es 48\u20ac\/heure Les conditions pour b\u00e9n\u00e9ficier de la conduite supervis\u00e9es D\u00e8s 18 ans, la [&hellip;]","og_url":"https:\/\/autoecole-defontaine.fr\/index.php\/conduites-supervises\/","og_site_name":"Auto Ecole Defontaine","article_modified_time":"2024-04-18T17:36:56+00:00","og_image":[{"url":"http:\/\/autoecole-defontaine.fr\/wp-content\/uploads\/2024\/04\/Logo-conduite-supervises-Blanc.png"}],"twitter_card":"summary_large_image","twitter_misc":{"Dur\u00e9e de lecture estim\u00e9e":"1 minute"},"schema":{"@context":"https:\/\/schema.org","@graph":[{"@type":"WebPage","@id":"https:\/\/autoecole-defontaine.fr\/index.php\/conduites-supervises\/","url":"https:\/\/autoecole-defontaine.fr\/index.php\/conduites-supervises\/","name":"Conduites supervis\u00e9es - Auto Ecole Defontaine","isPartOf":{"@id":"https:\/\/autoecole-defontaine.fr\/#website"},"primaryImageOfPage":{"@id":"https:\/\/autoecole-defontaine.fr\/index.php\/conduites-supervises\/#primaryimage"},"image":{"@id":"https:\/\/autoecole-defontaine.fr\/index.php\/conduites-supervises\/#primaryimage"},"thumbnailUrl":"http:\/\/autoecole-defontaine.fr\/wp-content\/uploads\/2024\/04\/Logo-conduite-supervises-Blanc.png","datePublished":"2024-04-09T18:11:49+00:00","dateModified":"2024-04-18T17:36:56+00:00","breadcrumb":{"@id":"https:\/\/autoecole-defontaine.fr\/index.php\/conduites-supervises\/#breadcrumb"},"inLanguage":"fr-FR","potentialAction":[{"@type":"ReadAction","target":["https:\/\/autoecole-defontaine.fr\/index.php\/conduites-supervises\/"]}]},{"@type":"ImageObject","inLanguage":"fr-FR","@id":"https:\/\/autoecole-defontaine.fr\/index.php\/conduites-supervises\/#primaryimage","url":"https:\/\/autoecole-defontaine.fr\/wp-content\/uploads\/2024\/04\/Logo-conduite-supervises-Blanc.png","contentUrl":"https:\/\/autoecole-defontaine.fr\/wp-content\/uploads\/2024\/04\/Logo-conduite-supervises-Blanc.png","width":200,"height":200},{"@type":"BreadcrumbList","@id":"https:\/\/autoecole-defontaine.fr\/index.php\/conduites-supervises\/#breadcrumb","itemListElement":[{"@type":"ListItem","position":1,"name":"Accueil","item":"https:\/\/autoecole-defontaine.fr\/"},{"@type":"ListItem","position":2,"name":"Conduites supervis\u00e9es"}]},{"@type":"WebSite","@id":"https:\/\/autoecole-defontaine.fr\/#website","url":"https:\/\/autoecole-defontaine.fr\/","name":"Auto Ecole Defontaine","description":"Laon 02","publisher":{"@id":"https:\/\/autoecole-defontaine.fr\/#organization"},"potentialAction":[{"@type":"SearchAction","target":{"@type":"EntryPoint","urlTemplate":"https:\/\/autoecole-defontaine.fr\/?s={search_term_string}"},"query-input":"required name=search_term_string"}],"inLanguage":"fr-FR"},{"@type":"Organization","@id":"https:\/\/autoecole-defontaine.fr\/#organization","name":"Auto Ecole Defontaine","url":"https:\/\/autoecole-defontaine.fr\/","logo":{"@type":"ImageObject","inLanguage":"fr-FR","@id":"https:\/\/autoecole-defontaine.fr\/#\/schema\/logo\/image\/","url":"https:\/\/autoecole-defontaine.fr\/wp-content\/uploads\/2024\/04\/cropped-Logo-En-Tete-1.png","contentUrl":"https:\/\/autoecole-defontaine.fr\/wp-content\/uploads\/2024\/04\/cropped-Logo-En-Tete-1.png","width":250,"height":33,"caption":"Auto Ecole Defontaine"},"image":{"@id":"https:\/\/autoecole-defontaine.fr\/#\/schema\/logo\/image\/"}}]}},"_links":{"self":[{"href":"https:\/\/autoecole-defontaine.fr\/index.php\/wp-json\/wp\/v2\/pages\/346","targetHints":{"allow":["GET"]}}],"collection":[{"href":"https:\/\/autoecole-defontaine.fr\/index.php\/wp-json\/wp\/v2\/pages"}],"about":[{"href":"https:\/\/autoecole-defontaine.fr\/index.php\/wp-json\/wp\/v2\/types\/page"}],"author":[{"embeddable":true,"href":"https:\/\/autoecole-defontaine.fr\/index.php\/wp-json\/wp\/v2\/users\/1"}],"replies":[{"embeddable":true,"href":"https:\/\/autoecole-defontaine.fr\/index.php\/wp-json\/wp\/v2\/comments?post=346"}],"version-history":[{"count":9,"href":"https:\/\/autoecole-defontaine.fr\/index.php\/wp-json\/wp\/v2\/pages\/346\/revisions"}],"predecessor-version":[{"id":685,"href":"https:\/\/autoecole-defontaine.fr\/index.php\/wp-json\/wp\/v2\/pages\/346\/revisions\/685"}],"wp:attachment":[{"href":"https:\/\/autoecole-defontaine.fr\/index.php\/wp-json\/wp\/v2\/media?parent=346"}],"curies":[{"name":"wp","href":"https:\/\/api.w.org\/{rel}","templated":true}]}}