{"id":351,"date":"2024-04-09T20:12:49","date_gmt":"2024-04-09T18:12:49","guid":{"rendered":"https:\/\/autoecole-defontaine.fr\/?page_id=351"},"modified":"2024-04-18T09:51:57","modified_gmt":"2024-04-18T07:51:57","slug":"passerelle-a","status":"publish","type":"page","link":"https:\/\/autoecole-defontaine.fr\/index.php\/passerelle-a\/","title":{"rendered":"Passerelle A"},"content":{"rendered":"\n<h2 class=\"wp-block-heading has-text-align-center\">passerelle A2 vers A<\/h2>\n\n\n\n<div class=\"wp-block-columns alignfull are-vertically-aligned-center has-background is-layout-flex wp-container-core-columns-is-layout-e793c14b wp-block-columns-is-layout-flex\" style=\"background:linear-gradient(135deg,rgb(212,100,43) 0%,rgb(203,34,41) 100%);margin-top:0;margin-bottom:0;padding-top:var(--wp--preset--spacing--50);padding-right:var(--wp--preset--spacing--60);padding-bottom:var(--wp--preset--spacing--50);padding-left:var(--wp--preset--spacing--60)\">\n<div class=\"wp-block-column is-vertically-aligned-center is-layout-flow wp-block-column-is-layout-flow\">\n<figure class=\"wp-block-image aligncenter size-full is-resized\"><img loading=\"lazy\" decoding=\"async\" width=\"800\" height=\"800\" src=\"http:\/\/autoecole-defontaine.fr\/wp-content\/uploads\/2024\/04\/Logo-permis-A-Blanc.png\" alt=\"\" class=\"wp-image-524\" style=\"box-shadow:none;width:136px;height:auto\" srcset=\"https:\/\/autoecole-defontaine.fr\/wp-content\/uploads\/2024\/04\/Logo-permis-A-Blanc.png 800w, https:\/\/autoecole-defontaine.fr\/wp-content\/uploads\/2024\/04\/Logo-permis-A-Blanc-300x300.png 300w, https:\/\/autoecole-defontaine.fr\/wp-content\/uploads\/2024\/04\/Logo-permis-A-Blanc-150x150.png 150w, https:\/\/autoecole-defontaine.fr\/wp-content\/uploads\/2024\/04\/Logo-permis-A-Blanc-768x768.png 768w\" sizes=\"auto, (max-width: 800px) 100vw, 800px\" \/><\/figure>\n<\/div>\n<\/div>\n\n\n\n<div style=\"height:35px\" aria-hidden=\"true\" class=\"wp-block-spacer\"><\/div>\n\n\n\n<p class=\"has-text-align-center\">Le permis A permet de conduire les Moto, avec ou sans side-car,&nbsp;quelle que soit sa puissance ou 3 roues&nbsp;d&rsquo;une puissance&nbsp;sup\u00e9rieure \u00e0 15&nbsp;<abbr>kW<\/abbr><\/p>\n\n\n\n<div class=\"wp-block-columns are-vertically-aligned-center is-layout-flex wp-container-core-columns-is-layout-2d5c5474 wp-block-columns-is-layout-flex\" style=\"margin-top:50px;padding-top:0;padding-bottom:0\">\n<div class=\"wp-block-column is-vertically-aligned-center is-layout-flow wp-container-core-column-is-layout-6b73ce23 wp-block-column-is-layout-flow\" style=\"box-shadow:none\">\n<h3 class=\"wp-block-heading has-text-align-center\">Formation de 7 heures<\/h3>\n\n\n\n<ul class=\"wp-block-list\">\n<li>2 heures de th\u00e9orie<\/li>\n\n\n\n<li>2 heures de pratique hors circulation <em><mark style=\"background-color:rgba(0, 0, 0, 0)\" class=\"has-inline-color has-ast-global-color-3-color\">(plateau)<\/mark><\/em><\/li>\n\n\n\n<li>3 heures de pratique en circulation<\/li>\n<\/ul>\n<\/div>\n\n\n\n<div class=\"wp-block-column is-vertically-aligned-center has-background is-layout-flow wp-container-core-column-is-layout-25b5a5e0 wp-block-column-is-layout-flow\" style=\"border-style:none;border-width:0px;background-color:#f4f4f4;padding-top:var(--wp--preset--spacing--20);padding-right:var(--wp--preset--spacing--40);padding-bottom:var(--wp--preset--spacing--20);padding-left:var(--wp--preset--spacing--40);box-shadow:var(--wp--preset--shadow--natural)\">\n<h3 class=\"wp-block-heading has-text-align-center has-black-color has-text-color has-link-color wp-elements-bebf14ceeccdb82323681d90c13cbdba\" style=\"margin-top:16px\">Tarif formation Permis A<\/h3>\n\n\n\n<hr class=\"wp-block-separator has-text-color has-black-color has-alpha-channel-opacity has-black-background-color has-background\"\/>\n\n\n\n<h2 class=\"wp-block-heading has-text-align-center has-ast-global-color-7-color has-text-color has-link-color wp-elements-2614b7e02c7e263f734e03a7713747c4\" style=\"margin-top:16px\">350\u20ac<\/h2>\n\n\n\n<div style=\"height:15px\" aria-hidden=\"true\" class=\"wp-block-spacer\"><\/div>\n<\/div>\n<\/div>\n\n\n\n<div style=\"height:35px\" aria-hidden=\"true\" class=\"wp-block-spacer\"><\/div>\n\n\n\n<hr class=\"wp-block-separator has-text-color has-ast-global-color-4-color has-alpha-channel-opacity has-ast-global-color-4-background-color has-background is-style-wide\"\/>\n\n\n\n<h3 class=\"wp-block-heading has-text-align-center\">Les conditions d&rsquo;acc\u00e9s \u00e0 la formaiton du permis A<\/h3>\n\n\n\n<p class=\"has-text-align-center\">Pour obtenir le&nbsp;permis A, vous devez avoir&nbsp;au minimum&nbsp;:<\/p>\n\n\n\n<ul class=\"wp-block-list\">\n<li>20 ans&nbsp;pour la conduite d&rsquo;une&nbsp;moto&nbsp;d&rsquo;une&nbsp;puissance sup\u00e9rieur \u00e0 35&nbsp;<abbr>kW<\/abbr> <em><mark style=\"background-color:rgba(0, 0, 0, 0)\" class=\"has-inline-color has-ast-global-color-3-color\">(47,5 ch)<\/mark><\/em><\/li>\n\n\n\n<li>21 ans&nbsp;pour la conduite d&rsquo;un&nbsp;3 roues&nbsp;d&rsquo;une&nbsp;puissance sup\u00e9rieure \u00e0 15&nbsp;<abbr>kW<\/abbr><\/li>\n<\/ul>\n\n\n\n<p class=\"has-text-align-center\">Vous devez avoir le&nbsp;permis moto A2&nbsp;depuis&nbsp;2 ans&nbsp;ou plus.<\/p>\n\n\n\n<hr class=\"wp-block-separator has-text-color has-ast-global-color-4-color has-alpha-channel-opacity has-ast-global-color-4-background-color has-background is-style-wide\"\/>\n\n\n\n<h3 class=\"wp-block-heading has-text-align-center\">Formation th\u00e9orique<\/h3>\n\n\n\n<figure class=\"wp-block-table is-style-regular\"><table class=\"has-border-color has-ast-global-color-7-border-color\" style=\"border-width:2px\"><tbody><tr><td class=\"has-text-align-center\" data-align=\"center\"><strong><mark style=\"background-color:rgba(0, 0, 0, 0)\" class=\"has-inline-color has-ast-global-color-6-color\">COMP\u00c9TENCES<\/mark><\/strong><\/td><td><strong><mark style=\"background-color:rgba(0, 0, 0, 0)\" class=\"has-inline-color has-ast-global-color-6-color\">COMP\u00c9TENCES ASSOCI\u00c9ES<\/mark><\/strong><\/td><\/tr><tr><td class=\"has-text-align-center\" data-align=\"center\"><strong>Accidentalit\u00e9, Vitesse<\/strong>, <strong>D\u00e9tectabilit\u00e9<\/strong><\/td><td>&#8211; Pr\u00e9sentation par l&rsquo;enseignant, des statistiques globales de l&rsquo;accidentalit\u00e9 routi\u00e8re et de celles sp\u00e9cifiques \u00e0 la conduite des motocyclettes<br><br>&#8211; Sensibilisation aux risques sp\u00e9cifiques \u00e0 la conduite des motocyclettes et aux quatre principaux cas d&rsquo;accidents impliquant les motocyclettes<br><br>&#8211; Explication et \u00e9changes sur les comportements par rapport au ph\u00e9nom\u00e8ne vitesse<br><br>&#8211; Vitesse et perception visuelle<br><br>&#8211; Vitesse et trajectoire : regard, freinage, maintien de l&rsquo;allure et acc\u00e9l\u00e9ration<br><br>&#8211; Vitesse et cons\u00e9quences sur l&rsquo;\u00e9quilibre, la force centrifuge, le freinage, l&rsquo;adh\u00e9rence<br><br>&#8211; Explications et \u00e9changes sur la signalisation sp\u00e9cifique et les r\u00e8gles encadrant la circulation inter-files des motocyclistes : types de routes et voies de circulation autoris\u00e9es, types de v\u00e9hicules, vitesses autoris\u00e9es, comportements \u00e0 adopter, cas d&rsquo;interdiction<br><br>&#8211; Explication et \u00e9changes sur les raisons du caract\u00e8re indispensable du port des \u00e9quipements de protection pour la s\u00e9curit\u00e9 et sur les cons\u00e9quences, pour l&rsquo;int\u00e9grit\u00e9 physique du motard, de l&rsquo;absence d&rsquo;\u00e9quipement ou d&rsquo;un \u00e9quipement inadapt\u00e9 en cas d&rsquo;accident et\/ ou de chute<\/td><\/tr><tr><td class=\"has-text-align-center\" data-align=\"center\"><strong>Conduite et produits psychoactifs<\/strong><\/td><td>&#8211; Statistiques : lien entre produits psychoactifs (notamment alcool, drogues et m\u00e9dicaments) et accidentalit\u00e9 routi\u00e8re.<br><br>&#8211; Explications et \u00e9changes sur les effets psychologiques et physiologiques des produits psychoactifs dans le cadre de la conduite.<br><br>&#8211; Les sanctions.<\/td><\/tr><\/tbody><\/table><\/figure>\n\n\n\n<hr class=\"wp-block-separator has-text-color has-ast-global-color-4-color has-alpha-channel-opacity has-ast-global-color-4-background-color has-background is-style-wide\"\/>\n\n\n\n<h3 class=\"wp-block-heading has-text-align-center\">FORMATION PRATIQUE HORS CIRCULATION<\/h3>\n\n\n\n<p class=\"has-text-align-center\">L&rsquo;objectif est de s&rsquo;adapter \u00e0 un nouveau v\u00e9hicule (puissance accrue, poids, r\u00e9actions modifi\u00e9es \u00e0 l&rsquo;acc\u00e9l\u00e9ration et au freinage \u2026) par rapport \u00e0 la formation du permis A2 et surtout de d\u00e9montrer la n\u00e9cessit\u00e9 d&rsquo;anticiper et d&rsquo;adapter son comportement pour \u00e9viter la gestion de situations dangereuses. La r\u00e9alisation des exercices est laiss\u00e9e au choix du formateur, \u00e0 partir des th\u00e9matiques list\u00e9es ci-dessous, ces exercices peuvent \u00eatre r\u00e9alis\u00e9s avec un passager.<\/p>\n\n\n\n<ul class=\"wp-block-list\">\n<li>Explications et travail sur les situations de changements de direction \u00e0 droite et \u00e0 gauche <\/li>\n\n\n\n<li>Mouvements et positionnements du regard<\/li>\n\n\n\n<li>Mouvements et positionnements de la t\u00eate et du corps<\/li>\n\n\n\n<li>Comprendre l&rsquo;utilit\u00e9 du slalom au regard de la r\u00e9alit\u00e9 des situations rencontr\u00e9es en circulation et r\u00e9alisation d&rsquo;exercices <\/li>\n\n\n\n<li>Explications et travail sur le freinage :<br>&#8211; Utilisation du frein avant et du frein arri\u00e8re, de fa\u00e7on dissoci\u00e9e<br>&#8211; Utilisation du frein avant et du frein arri\u00e8re, de fa\u00e7on concomitante<br>&#8211; Explications sur le transfert des masses<br>&#8211; Comment s&rsquo;arr\u00eater et repartir en courbe<br>&#8211; Explications et travail sur les techniques d&rsquo;inclinaison<br>&#8211; R\u00e9alisation d&rsquo;exercices sur l&rsquo;inclinaison de la machine : travail du guidon, des pieds et des genoux.<\/li>\n<\/ul>\n\n\n\n<hr class=\"wp-block-separator has-text-color has-ast-global-color-4-color has-alpha-channel-opacity has-ast-global-color-4-background-color has-background is-style-wide\"\/>\n\n\n\n<h3 class=\"wp-block-heading has-text-align-center\">FORMATION PRATIQUE EN CIRCULATION<\/h3>\n\n\n\n<p class=\"has-text-align-center\">Au c\u0153ur de cette s\u00e9quence, notre objectif est d&rsquo;effectuer un audit approfondi de votre conduite, en mettant l&rsquo;accent sur la perception, l&rsquo;analyse, la prise de d\u00e9cision et l&rsquo;action. Dans un environnement s\u00e9curis\u00e9, vous serez encadr\u00e9 par nos instructeurs exp\u00e9riment\u00e9s qui vous guideront \u00e0 travers chaque \u00e9tape de votre progression.<\/p>\n\n\n\n<p class=\"has-text-align-center\">Nous mettons l&rsquo;accent sur des comp\u00e9tences cruciales telles que la recherche d&rsquo;indices et la perception des risques, la communication avec les autres usagers, le respect des distances de s\u00e9curit\u00e9 et l&rsquo;adaptation de l&rsquo;allure en fonction des conditions de la circulation.<\/p>\n\n\n\n<p class=\"has-text-align-center\">Ce bilan inclut \u00e9galement un moment d&rsquo;\u00e9change o\u00f9 vous pourrez partager vos ressentis avec les autres \u00e9l\u00e8ves, favorisant ainsi un apprentissage collaboratif et enrichissant. <br>Enfin, notre enseignant de la conduite r\u00e9alisera un bilan personnalis\u00e9 de votre prestation, vous fournissant des explications d\u00e9taill\u00e9es et des conseils adapt\u00e9s \u00e0 votre niveau et \u00e0 vos besoins sp\u00e9cifiques.<\/p>\n","protected":false},"excerpt":{"rendered":"<p>passerelle A2 vers A Le permis A permet de conduire les Moto, avec ou sans side-car,&nbsp;quelle que soit sa puissance [&hellip;]<\/p>\n","protected":false},"author":1,"featured_media":0,"parent":0,"menu_order":0,"comment_status":"closed","ping_status":"closed","template":"","meta":{"site-sidebar-layout":"default","site-content-layout":"","ast-site-content-layout":"","site-content-style":"default","site-sidebar-style":"default","ast-global-header-display":"","ast-banner-title-visibility":"","ast-main-header-display":"","ast-hfb-above-header-display":"","ast-hfb-below-header-display":"","ast-hfb-mobile-header-display":"","site-post-title":"","ast-breadcrumbs-content":"","ast-featured-img":"","footer-sml-layout":"","theme-transparent-header-meta":"","adv-header-id-meta":"","stick-header-meta":"","header-above-stick-meta":"","header-main-stick-meta":"","header-below-stick-meta":"","astra-migrate-meta-layouts":"default","ast-page-background-enabled":"default","ast-page-background-meta":{"desktop":{"background-color":"var(--ast-global-color-4)","background-image":"","background-repeat":"repeat","background-position":"center center","background-size":"auto","background-attachment":"scroll","background-type":"","background-media":"","overlay-type":"","overlay-color":"","overlay-gradient":""},"tablet":{"background-color":"","background-image":"","background-repeat":"repeat","background-position":"center center","background-size":"auto","background-attachment":"scroll","background-type":"","background-media":"","overlay-type":"","overlay-color":"","overlay-gradient":""},"mobile":{"background-color":"","background-image":"","background-repeat":"repeat","background-position":"center center","background-size":"auto","background-attachment":"scroll","background-type":"","background-media":"","overlay-type":"","overlay-color":"","overlay-gradient":""}},"ast-content-background-meta":{"desktop":{"background-color":"var(--ast-global-color-5)","background-image":"","background-repeat":"repeat","background-position":"center center","background-size":"auto","background-attachment":"scroll","background-type":"","background-media":"","overlay-type":"","overlay-color":"","overlay-gradient":""},"tablet":{"background-color":"var(--ast-global-color-5)","background-image":"","background-repeat":"repeat","background-position":"center center","background-size":"auto","background-attachment":"scroll","background-type":"","background-media":"","overlay-type":"","overlay-color":"","overlay-gradient":""},"mobile":{"background-color":"var(--ast-global-color-5)","background-image":"","background-repeat":"repeat","background-position":"center center","background-size":"auto","background-attachment":"scroll","background-type":"","background-media":"","overlay-type":"","overlay-color":"","overlay-gradient":""}},"iawp_total_views":236,"footnotes":""},"class_list":["post-351","page","type-page","status-publish","hentry"],"yoast_head":"<!-- This site is optimized with the Yoast SEO plugin v23.1 - https:\/\/yoast.com\/wordpress\/plugins\/seo\/ -->\n<title>Passerelle A - Auto Ecole Defontaine<\/title>\n<meta name=\"robots\" content=\"index, follow, max-snippet:-1, max-image-preview:large, max-video-preview:-1\" \/>\n<link rel=\"canonical\" href=\"https:\/\/autoecole-defontaine.fr\/index.php\/passerelle-a\/\" \/>\n<meta property=\"og:locale\" content=\"fr_FR\" \/>\n<meta property=\"og:type\" content=\"article\" \/>\n<meta property=\"og:title\" content=\"Passerelle A - Auto Ecole Defontaine\" \/>\n<meta property=\"og:description\" content=\"passerelle A2 vers A Le permis A permet de conduire les Moto, avec ou sans side-car,&nbsp;quelle que soit sa puissance [&hellip;]\" \/>\n<meta property=\"og:url\" content=\"https:\/\/autoecole-defontaine.fr\/index.php\/passerelle-a\/\" \/>\n<meta property=\"og:site_name\" content=\"Auto Ecole Defontaine\" \/>\n<meta property=\"article:modified_time\" content=\"2024-04-18T07:51:57+00:00\" \/>\n<meta property=\"og:image\" content=\"http:\/\/autoecole-defontaine.fr\/wp-content\/uploads\/2024\/04\/Logo-permis-A-Blanc.png\" \/>\n<meta name=\"twitter:card\" content=\"summary_large_image\" \/>\n<meta name=\"twitter:label1\" content=\"Dur\u00e9e de lecture estim\u00e9e\" \/>\n\t<meta name=\"twitter:data1\" content=\"3 minutes\" \/>\n<script type=\"application\/ld+json\" class=\"yoast-schema-graph\">{\"@context\":\"https:\/\/schema.org\",\"@graph\":[{\"@type\":\"WebPage\",\"@id\":\"https:\/\/autoecole-defontaine.fr\/index.php\/passerelle-a\/\",\"url\":\"https:\/\/autoecole-defontaine.fr\/index.php\/passerelle-a\/\",\"name\":\"Passerelle A - Auto Ecole Defontaine\",\"isPartOf\":{\"@id\":\"https:\/\/autoecole-defontaine.fr\/#website\"},\"primaryImageOfPage\":{\"@id\":\"https:\/\/autoecole-defontaine.fr\/index.php\/passerelle-a\/#primaryimage\"},\"image\":{\"@id\":\"https:\/\/autoecole-defontaine.fr\/index.php\/passerelle-a\/#primaryimage\"},\"thumbnailUrl\":\"http:\/\/autoecole-defontaine.fr\/wp-content\/uploads\/2024\/04\/Logo-permis-A-Blanc.png\",\"datePublished\":\"2024-04-09T18:12:49+00:00\",\"dateModified\":\"2024-04-18T07:51:57+00:00\",\"breadcrumb\":{\"@id\":\"https:\/\/autoecole-defontaine.fr\/index.php\/passerelle-a\/#breadcrumb\"},\"inLanguage\":\"fr-FR\",\"potentialAction\":[{\"@type\":\"ReadAction\",\"target\":[\"https:\/\/autoecole-defontaine.fr\/index.php\/passerelle-a\/\"]}]},{\"@type\":\"ImageObject\",\"inLanguage\":\"fr-FR\",\"@id\":\"https:\/\/autoecole-defontaine.fr\/index.php\/passerelle-a\/#primaryimage\",\"url\":\"https:\/\/autoecole-defontaine.fr\/wp-content\/uploads\/2024\/04\/Logo-permis-A-Blanc.png\",\"contentUrl\":\"https:\/\/autoecole-defontaine.fr\/wp-content\/uploads\/2024\/04\/Logo-permis-A-Blanc.png\",\"width\":800,\"height\":800},{\"@type\":\"BreadcrumbList\",\"@id\":\"https:\/\/autoecole-defontaine.fr\/index.php\/passerelle-a\/#breadcrumb\",\"itemListElement\":[{\"@type\":\"ListItem\",\"position\":1,\"name\":\"Accueil\",\"item\":\"https:\/\/autoecole-defontaine.fr\/\"},{\"@type\":\"ListItem\",\"position\":2,\"name\":\"Passerelle A\"}]},{\"@type\":\"WebSite\",\"@id\":\"https:\/\/autoecole-defontaine.fr\/#website\",\"url\":\"https:\/\/autoecole-defontaine.fr\/\",\"name\":\"Auto Ecole Defontaine\",\"description\":\"Laon 02\",\"publisher\":{\"@id\":\"https:\/\/autoecole-defontaine.fr\/#organization\"},\"potentialAction\":[{\"@type\":\"SearchAction\",\"target\":{\"@type\":\"EntryPoint\",\"urlTemplate\":\"https:\/\/autoecole-defontaine.fr\/?s={search_term_string}\"},\"query-input\":\"required name=search_term_string\"}],\"inLanguage\":\"fr-FR\"},{\"@type\":\"Organization\",\"@id\":\"https:\/\/autoecole-defontaine.fr\/#organization\",\"name\":\"Auto Ecole Defontaine\",\"url\":\"https:\/\/autoecole-defontaine.fr\/\",\"logo\":{\"@type\":\"ImageObject\",\"inLanguage\":\"fr-FR\",\"@id\":\"https:\/\/autoecole-defontaine.fr\/#\/schema\/logo\/image\/\",\"url\":\"https:\/\/autoecole-defontaine.fr\/wp-content\/uploads\/2024\/04\/cropped-Logo-En-Tete-1.png\",\"contentUrl\":\"https:\/\/autoecole-defontaine.fr\/wp-content\/uploads\/2024\/04\/cropped-Logo-En-Tete-1.png\",\"width\":250,\"height\":33,\"caption\":\"Auto Ecole Defontaine\"},\"image\":{\"@id\":\"https:\/\/autoecole-defontaine.fr\/#\/schema\/logo\/image\/\"}}]}<\/script>\n<!-- \/ Yoast SEO plugin. -->","yoast_head_json":{"title":"Passerelle A - Auto Ecole Defontaine","robots":{"index":"index","follow":"follow","max-snippet":"max-snippet:-1","max-image-preview":"max-image-preview:large","max-video-preview":"max-video-preview:-1"},"canonical":"https:\/\/autoecole-defontaine.fr\/index.php\/passerelle-a\/","og_locale":"fr_FR","og_type":"article","og_title":"Passerelle A - Auto Ecole Defontaine","og_description":"passerelle A2 vers A Le permis A permet de conduire les Moto, avec ou sans side-car,&nbsp;quelle que soit sa puissance [&hellip;]","og_url":"https:\/\/autoecole-defontaine.fr\/index.php\/passerelle-a\/","og_site_name":"Auto Ecole Defontaine","article_modified_time":"2024-04-18T07:51:57+00:00","og_image":[{"url":"http:\/\/autoecole-defontaine.fr\/wp-content\/uploads\/2024\/04\/Logo-permis-A-Blanc.png"}],"twitter_card":"summary_large_image","twitter_misc":{"Dur\u00e9e de lecture estim\u00e9e":"3 minutes"},"schema":{"@context":"https:\/\/schema.org","@graph":[{"@type":"WebPage","@id":"https:\/\/autoecole-defontaine.fr\/index.php\/passerelle-a\/","url":"https:\/\/autoecole-defontaine.fr\/index.php\/passerelle-a\/","name":"Passerelle A - Auto Ecole Defontaine","isPartOf":{"@id":"https:\/\/autoecole-defontaine.fr\/#website"},"primaryImageOfPage":{"@id":"https:\/\/autoecole-defontaine.fr\/index.php\/passerelle-a\/#primaryimage"},"image":{"@id":"https:\/\/autoecole-defontaine.fr\/index.php\/passerelle-a\/#primaryimage"},"thumbnailUrl":"http:\/\/autoecole-defontaine.fr\/wp-content\/uploads\/2024\/04\/Logo-permis-A-Blanc.png","datePublished":"2024-04-09T18:12:49+00:00","dateModified":"2024-04-18T07:51:57+00:00","breadcrumb":{"@id":"https:\/\/autoecole-defontaine.fr\/index.php\/passerelle-a\/#breadcrumb"},"inLanguage":"fr-FR","potentialAction":[{"@type":"ReadAction","target":["https:\/\/autoecole-defontaine.fr\/index.php\/passerelle-a\/"]}]},{"@type":"ImageObject","inLanguage":"fr-FR","@id":"https:\/\/autoecole-defontaine.fr\/index.php\/passerelle-a\/#primaryimage","url":"https:\/\/autoecole-defontaine.fr\/wp-content\/uploads\/2024\/04\/Logo-permis-A-Blanc.png","contentUrl":"https:\/\/autoecole-defontaine.fr\/wp-content\/uploads\/2024\/04\/Logo-permis-A-Blanc.png","width":800,"height":800},{"@type":"BreadcrumbList","@id":"https:\/\/autoecole-defontaine.fr\/index.php\/passerelle-a\/#breadcrumb","itemListElement":[{"@type":"ListItem","position":1,"name":"Accueil","item":"https:\/\/autoecole-defontaine.fr\/"},{"@type":"ListItem","position":2,"name":"Passerelle A"}]},{"@type":"WebSite","@id":"https:\/\/autoecole-defontaine.fr\/#website","url":"https:\/\/autoecole-defontaine.fr\/","name":"Auto Ecole Defontaine","description":"Laon 02","publisher":{"@id":"https:\/\/autoecole-defontaine.fr\/#organization"},"potentialAction":[{"@type":"SearchAction","target":{"@type":"EntryPoint","urlTemplate":"https:\/\/autoecole-defontaine.fr\/?s={search_term_string}"},"query-input":"required name=search_term_string"}],"inLanguage":"fr-FR"},{"@type":"Organization","@id":"https:\/\/autoecole-defontaine.fr\/#organization","name":"Auto Ecole Defontaine","url":"https:\/\/autoecole-defontaine.fr\/","logo":{"@type":"ImageObject","inLanguage":"fr-FR","@id":"https:\/\/autoecole-defontaine.fr\/#\/schema\/logo\/image\/","url":"https:\/\/autoecole-defontaine.fr\/wp-content\/uploads\/2024\/04\/cropped-Logo-En-Tete-1.png","contentUrl":"https:\/\/autoecole-defontaine.fr\/wp-content\/uploads\/2024\/04\/cropped-Logo-En-Tete-1.png","width":250,"height":33,"caption":"Auto Ecole Defontaine"},"image":{"@id":"https:\/\/autoecole-defontaine.fr\/#\/schema\/logo\/image\/"}}]}},"_links":{"self":[{"href":"https:\/\/autoecole-defontaine.fr\/index.php\/wp-json\/wp\/v2\/pages\/351","targetHints":{"allow":["GET"]}}],"collection":[{"href":"https:\/\/autoecole-defontaine.fr\/index.php\/wp-json\/wp\/v2\/pages"}],"about":[{"href":"https:\/\/autoecole-defontaine.fr\/index.php\/wp-json\/wp\/v2\/types\/page"}],"author":[{"embeddable":true,"href":"https:\/\/autoecole-defontaine.fr\/index.php\/wp-json\/wp\/v2\/users\/1"}],"replies":[{"embeddable":true,"href":"https:\/\/autoecole-defontaine.fr\/index.php\/wp-json\/wp\/v2\/comments?post=351"}],"version-history":[{"count":10,"href":"https:\/\/autoecole-defontaine.fr\/index.php\/wp-json\/wp\/v2\/pages\/351\/revisions"}],"predecessor-version":[{"id":593,"href":"https:\/\/autoecole-defontaine.fr\/index.php\/wp-json\/wp\/v2\/pages\/351\/revisions\/593"}],"wp:attachment":[{"href":"https:\/\/autoecole-defontaine.fr\/index.php\/wp-json\/wp\/v2\/media?parent=351"}],"curies":[{"name":"wp","href":"https:\/\/api.w.org\/{rel}","templated":true}]}}