{"id":354,"date":"2024-04-09T20:13:56","date_gmt":"2024-04-09T18:13:56","guid":{"rendered":"https:\/\/autoecole-defontaine.fr\/?page_id=354"},"modified":"2024-04-18T19:37:23","modified_gmt":"2024-04-18T17:37:23","slug":"permis-am","status":"publish","type":"page","link":"https:\/\/autoecole-defontaine.fr\/index.php\/permis-am\/","title":{"rendered":"Permis AM"},"content":{"rendered":"\n<h2 class=\"wp-block-heading has-text-align-center\">Permis AM <mark style=\"background-color:rgba(0, 0, 0, 0)\" class=\"has-inline-color has-ast-global-color-4-color\">(Quadricyle l\u00e9ger)<\/mark><\/h2>\n\n\n\n<div class=\"wp-block-columns alignfull are-vertically-aligned-center has-background is-layout-flex wp-container-core-columns-is-layout-e793c14b wp-block-columns-is-layout-flex\" style=\"background:linear-gradient(135deg,rgb(212,100,43) 0%,rgb(203,34,41) 100%);margin-top:0;margin-bottom:0;padding-top:var(--wp--preset--spacing--50);padding-right:var(--wp--preset--spacing--60);padding-bottom:var(--wp--preset--spacing--50);padding-left:var(--wp--preset--spacing--60)\">\n<div class=\"wp-block-column is-vertically-aligned-center is-layout-flow wp-block-column-is-layout-flow\">\n<figure class=\"wp-block-image aligncenter size-full is-resized\"><img loading=\"lazy\" decoding=\"async\" width=\"800\" height=\"800\" src=\"https:\/\/autoecole-defontaine.fr\/wp-content\/uploads\/2024\/04\/Logo-permis-AM-Blanc.png\" alt=\"\" class=\"wp-image-514\" style=\"box-shadow:none;width:136px;height:auto\" srcset=\"https:\/\/autoecole-defontaine.fr\/wp-content\/uploads\/2024\/04\/Logo-permis-AM-Blanc.png 800w, https:\/\/autoecole-defontaine.fr\/wp-content\/uploads\/2024\/04\/Logo-permis-AM-Blanc-300x300.png 300w, https:\/\/autoecole-defontaine.fr\/wp-content\/uploads\/2024\/04\/Logo-permis-AM-Blanc-150x150.png 150w, https:\/\/autoecole-defontaine.fr\/wp-content\/uploads\/2024\/04\/Logo-permis-AM-Blanc-768x768.png 768w\" sizes=\"auto, (max-width: 800px) 100vw, 800px\" \/><\/figure>\n<\/div>\n<\/div>\n\n\n\n<div class=\"wp-block-columns is-layout-flex wp-container-core-columns-is-layout-60cbf9bb wp-block-columns-is-layout-flex\" style=\"margin-top:50px\">\n<div class=\"wp-block-column is-vertically-aligned-center has-background is-layout-flow wp-container-core-column-is-layout-25b5a5e0 wp-block-column-is-layout-flow\" style=\"border-style:none;border-width:0px;background-color:#f4f4f4;padding-top:var(--wp--preset--spacing--20);padding-right:var(--wp--preset--spacing--40);padding-bottom:var(--wp--preset--spacing--20);padding-left:var(--wp--preset--spacing--40);box-shadow:var(--wp--preset--shadow--natural)\">\n<h3 class=\"wp-block-heading has-text-align-center has-black-color has-text-color has-link-color wp-elements-6be19b120dd505144916a3967f8a648d\" style=\"margin-top:16px\">Tarif formation permis AM <mark style=\"background-color:rgba(0, 0, 0, 0)\" class=\"has-inline-color has-ast-global-color-3-color\">(quadricyle l\u00e9ger)<\/mark><\/h3>\n\n\n\n<hr class=\"wp-block-separator has-text-color has-black-color has-alpha-channel-opacity has-black-background-color has-background\"\/>\n\n\n\n<h2 class=\"wp-block-heading has-text-align-center has-ast-global-color-7-color has-text-color has-link-color wp-elements-2614b7e02c7e263f734e03a7713747c4\" style=\"margin-top:16px\">350\u20ac<\/h2>\n\n\n\n<p class=\"has-text-align-center\"><em>Payable en plusieurs fois<\/em><\/p>\n\n\n\n<div style=\"height:15px\" aria-hidden=\"true\" class=\"wp-block-spacer\"><\/div>\n<\/div>\n<\/div>\n\n\n\n<hr class=\"wp-block-separator has-text-color has-ast-global-color-4-color has-alpha-channel-opacity has-ast-global-color-4-background-color has-background is-style-wide\"\/>\n\n\n\n<h3 class=\"wp-block-heading has-text-align-center\">Formation th\u00e9orique<\/h3>\n\n\n\n<p class=\"has-text-align-center\">Elle s&rsquo;obtient par la validation de l&rsquo;attestation scolaire de s\u00e9curit\u00e9 routi\u00e8re (ASSR 1, ASSR 2), au coll\u00e8ge, ou de l&rsquo;attestation de s\u00e9curit\u00e9 routi\u00e8re (ASR) en Greta.<\/p>\n\n\n\n<p class=\"has-text-align-center\">Cette partie th\u00e9orique s&rsquo;acquiert pendant la scolarit\u00e9 et permet d&rsquo;acqu\u00e9rir le premier socle de connaissances sur les r\u00e8gles de s\u00e9curit\u00e9 routi\u00e8re.<br>Elle est n\u00e9cessaire pour pouvoir passer la formation pratique.<\/p>\n\n\n\n<hr class=\"wp-block-separator has-text-color has-ast-global-color-4-color has-alpha-channel-opacity has-ast-global-color-4-background-color has-background is-style-wide\"\/>\n\n\n\n<h3 class=\"wp-block-heading has-text-align-center\">Formation pratique<\/h3>\n\n\n\n<p class=\"has-text-align-center\">La formation pratique dure au minimum 8 heures et se d\u00e9roule sur 2 demi-journ\u00e9e <em><mark style=\"background-color:rgba(0, 0, 0, 0)\" class=\"has-inline-color has-ast-global-color-3-color\">(4 heures par jour maximum)<\/mark><\/em>.<\/p>\n\n\n\n<ul class=\"wp-block-list\">\n<li>Une s\u00e9quence dont l\u2019objectif est d\u2019\u00e9changer avec les \u00e9l\u00e8ves sur la s\u00e9curit\u00e9 routi\u00e8re (les comportements, les risques, leurs limites, etc.)<\/li>\n<\/ul>\n\n\n\n<ul class=\"wp-block-list\">\n<li>Acquisition\/r\u00e9vision de connaissances de base du code de la route<\/li>\n<\/ul>\n\n\n\n<ul class=\"wp-block-list\">\n<li>1 heure minimum de conduite hors circulation<\/li>\n<\/ul>\n\n\n\n<ul class=\"wp-block-list\">\n<li>3 heures minimum de conduite sur les voies ouvertes \u00e0 la circulation<\/li>\n<\/ul>\n\n\n\n<ul class=\"wp-block-list\">\n<li>Sensibilisation aux risques routiers, en pr\u00e9sence de l\u2019un au moins des parents ou du repr\u00e9sentant l\u00e9gal de l\u2019\u00e9l\u00e8ve mineur<\/li>\n<\/ul>\n\n\n\n<p class=\"has-text-align-center\">Une attestation provisoire sera d\u00e9livr\u00e9e \u00e0 la fin de la formation avant l&rsquo;obtention du permis d\u00e9finitif.<\/p>\n","protected":false},"excerpt":{"rendered":"<p>Permis AM (Quadricyle l\u00e9ger) Tarif formation permis AM (quadricyle l\u00e9ger) 350\u20ac Payable en plusieurs fois Formation th\u00e9orique Elle s&rsquo;obtient par [&hellip;]<\/p>\n","protected":false},"author":1,"featured_media":0,"parent":0,"menu_order":0,"comment_status":"closed","ping_status":"closed","template":"","meta":{"site-sidebar-layout":"default","site-content-layout":"","ast-site-content-layout":"","site-content-style":"default","site-sidebar-style":"default","ast-global-header-display":"","ast-banner-title-visibility":"","ast-main-header-display":"","ast-hfb-above-header-display":"","ast-hfb-below-header-display":"","ast-hfb-mobile-header-display":"","site-post-title":"","ast-breadcrumbs-content":"","ast-featured-img":"","footer-sml-layout":"","theme-transparent-header-meta":"","adv-header-id-meta":"","stick-header-meta":"","header-above-stick-meta":"","header-main-stick-meta":"","header-below-stick-meta":"","astra-migrate-meta-layouts":"default","ast-page-background-enabled":"default","ast-page-background-meta":{"desktop":{"background-color":"var(--ast-global-color-4)","background-image":"","background-repeat":"repeat","background-position":"center center","background-size":"auto","background-attachment":"scroll","background-type":"","background-media":"","overlay-type":"","overlay-color":"","overlay-gradient":""},"tablet":{"background-color":"","background-image":"","background-repeat":"repeat","background-position":"center center","background-size":"auto","background-attachment":"scroll","background-type":"","background-media":"","overlay-type":"","overlay-color":"","overlay-gradient":""},"mobile":{"background-color":"","background-image":"","background-repeat":"repeat","background-position":"center center","background-size":"auto","background-attachment":"scroll","background-type":"","background-media":"","overlay-type":"","overlay-color":"","overlay-gradient":""}},"ast-content-background-meta":{"desktop":{"background-color":"var(--ast-global-color-5)","background-image":"","background-repeat":"repeat","background-position":"center center","background-size":"auto","background-attachment":"scroll","background-type":"","background-media":"","overlay-type":"","overlay-color":"","overlay-gradient":""},"tablet":{"background-color":"var(--ast-global-color-5)","background-image":"","background-repeat":"repeat","background-position":"center center","background-size":"auto","background-attachment":"scroll","background-type":"","background-media":"","overlay-type":"","overlay-color":"","overlay-gradient":""},"mobile":{"background-color":"var(--ast-global-color-5)","background-image":"","background-repeat":"repeat","background-position":"center center","background-size":"auto","background-attachment":"scroll","background-type":"","background-media":"","overlay-type":"","overlay-color":"","overlay-gradient":""}},"iawp_total_views":268,"footnotes":""},"class_list":["post-354","page","type-page","status-publish","hentry"],"yoast_head":"<!-- This site is optimized with the Yoast SEO plugin v23.1 - https:\/\/yoast.com\/wordpress\/plugins\/seo\/ -->\n<title>Permis AM - Auto Ecole Defontaine<\/title>\n<meta name=\"robots\" content=\"index, follow, max-snippet:-1, max-image-preview:large, max-video-preview:-1\" \/>\n<link rel=\"canonical\" href=\"https:\/\/autoecole-defontaine.fr\/index.php\/permis-am\/\" \/>\n<meta property=\"og:locale\" content=\"fr_FR\" \/>\n<meta property=\"og:type\" content=\"article\" \/>\n<meta property=\"og:title\" content=\"Permis AM - Auto Ecole Defontaine\" \/>\n<meta property=\"og:description\" content=\"Permis AM (Quadricyle l\u00e9ger) Tarif formation permis AM (quadricyle l\u00e9ger) 350\u20ac Payable en plusieurs fois Formation th\u00e9orique Elle s&rsquo;obtient par [&hellip;]\" \/>\n<meta property=\"og:url\" content=\"https:\/\/autoecole-defontaine.fr\/index.php\/permis-am\/\" \/>\n<meta property=\"og:site_name\" content=\"Auto Ecole Defontaine\" \/>\n<meta property=\"article:modified_time\" content=\"2024-04-18T17:37:23+00:00\" \/>\n<meta property=\"og:image\" content=\"https:\/\/autoecole-defontaine.fr\/wp-content\/uploads\/2024\/04\/Logo-permis-AM-Blanc.png\" \/>\n<meta name=\"twitter:card\" content=\"summary_large_image\" \/>\n<meta name=\"twitter:label1\" content=\"Dur\u00e9e de lecture estim\u00e9e\" \/>\n\t<meta name=\"twitter:data1\" content=\"1 minute\" \/>\n<script type=\"application\/ld+json\" class=\"yoast-schema-graph\">{\"@context\":\"https:\/\/schema.org\",\"@graph\":[{\"@type\":\"WebPage\",\"@id\":\"https:\/\/autoecole-defontaine.fr\/index.php\/permis-am\/\",\"url\":\"https:\/\/autoecole-defontaine.fr\/index.php\/permis-am\/\",\"name\":\"Permis AM - Auto Ecole Defontaine\",\"isPartOf\":{\"@id\":\"https:\/\/autoecole-defontaine.fr\/#website\"},\"primaryImageOfPage\":{\"@id\":\"https:\/\/autoecole-defontaine.fr\/index.php\/permis-am\/#primaryimage\"},\"image\":{\"@id\":\"https:\/\/autoecole-defontaine.fr\/index.php\/permis-am\/#primaryimage\"},\"thumbnailUrl\":\"https:\/\/autoecole-defontaine.fr\/wp-content\/uploads\/2024\/04\/Logo-permis-AM-Blanc.png\",\"datePublished\":\"2024-04-09T18:13:56+00:00\",\"dateModified\":\"2024-04-18T17:37:23+00:00\",\"breadcrumb\":{\"@id\":\"https:\/\/autoecole-defontaine.fr\/index.php\/permis-am\/#breadcrumb\"},\"inLanguage\":\"fr-FR\",\"potentialAction\":[{\"@type\":\"ReadAction\",\"target\":[\"https:\/\/autoecole-defontaine.fr\/index.php\/permis-am\/\"]}]},{\"@type\":\"ImageObject\",\"inLanguage\":\"fr-FR\",\"@id\":\"https:\/\/autoecole-defontaine.fr\/index.php\/permis-am\/#primaryimage\",\"url\":\"https:\/\/autoecole-defontaine.fr\/wp-content\/uploads\/2024\/04\/Logo-permis-AM-Blanc.png\",\"contentUrl\":\"https:\/\/autoecole-defontaine.fr\/wp-content\/uploads\/2024\/04\/Logo-permis-AM-Blanc.png\",\"width\":800,\"height\":800},{\"@type\":\"BreadcrumbList\",\"@id\":\"https:\/\/autoecole-defontaine.fr\/index.php\/permis-am\/#breadcrumb\",\"itemListElement\":[{\"@type\":\"ListItem\",\"position\":1,\"name\":\"Accueil\",\"item\":\"https:\/\/autoecole-defontaine.fr\/\"},{\"@type\":\"ListItem\",\"position\":2,\"name\":\"Permis AM\"}]},{\"@type\":\"WebSite\",\"@id\":\"https:\/\/autoecole-defontaine.fr\/#website\",\"url\":\"https:\/\/autoecole-defontaine.fr\/\",\"name\":\"Auto Ecole Defontaine\",\"description\":\"Laon 02\",\"publisher\":{\"@id\":\"https:\/\/autoecole-defontaine.fr\/#organization\"},\"potentialAction\":[{\"@type\":\"SearchAction\",\"target\":{\"@type\":\"EntryPoint\",\"urlTemplate\":\"https:\/\/autoecole-defontaine.fr\/?s={search_term_string}\"},\"query-input\":\"required name=search_term_string\"}],\"inLanguage\":\"fr-FR\"},{\"@type\":\"Organization\",\"@id\":\"https:\/\/autoecole-defontaine.fr\/#organization\",\"name\":\"Auto Ecole Defontaine\",\"url\":\"https:\/\/autoecole-defontaine.fr\/\",\"logo\":{\"@type\":\"ImageObject\",\"inLanguage\":\"fr-FR\",\"@id\":\"https:\/\/autoecole-defontaine.fr\/#\/schema\/logo\/image\/\",\"url\":\"https:\/\/autoecole-defontaine.fr\/wp-content\/uploads\/2024\/04\/cropped-Logo-En-Tete-1.png\",\"contentUrl\":\"https:\/\/autoecole-defontaine.fr\/wp-content\/uploads\/2024\/04\/cropped-Logo-En-Tete-1.png\",\"width\":250,\"height\":33,\"caption\":\"Auto Ecole Defontaine\"},\"image\":{\"@id\":\"https:\/\/autoecole-defontaine.fr\/#\/schema\/logo\/image\/\"}}]}<\/script>\n<!-- \/ Yoast SEO plugin. -->","yoast_head_json":{"title":"Permis AM - Auto Ecole Defontaine","robots":{"index":"index","follow":"follow","max-snippet":"max-snippet:-1","max-image-preview":"max-image-preview:large","max-video-preview":"max-video-preview:-1"},"canonical":"https:\/\/autoecole-defontaine.fr\/index.php\/permis-am\/","og_locale":"fr_FR","og_type":"article","og_title":"Permis AM - Auto Ecole Defontaine","og_description":"Permis AM (Quadricyle l\u00e9ger) Tarif formation permis AM (quadricyle l\u00e9ger) 350\u20ac Payable en plusieurs fois Formation th\u00e9orique Elle s&rsquo;obtient par [&hellip;]","og_url":"https:\/\/autoecole-defontaine.fr\/index.php\/permis-am\/","og_site_name":"Auto Ecole Defontaine","article_modified_time":"2024-04-18T17:37:23+00:00","og_image":[{"url":"https:\/\/autoecole-defontaine.fr\/wp-content\/uploads\/2024\/04\/Logo-permis-AM-Blanc.png"}],"twitter_card":"summary_large_image","twitter_misc":{"Dur\u00e9e de lecture estim\u00e9e":"1 minute"},"schema":{"@context":"https:\/\/schema.org","@graph":[{"@type":"WebPage","@id":"https:\/\/autoecole-defontaine.fr\/index.php\/permis-am\/","url":"https:\/\/autoecole-defontaine.fr\/index.php\/permis-am\/","name":"Permis AM - Auto Ecole Defontaine","isPartOf":{"@id":"https:\/\/autoecole-defontaine.fr\/#website"},"primaryImageOfPage":{"@id":"https:\/\/autoecole-defontaine.fr\/index.php\/permis-am\/#primaryimage"},"image":{"@id":"https:\/\/autoecole-defontaine.fr\/index.php\/permis-am\/#primaryimage"},"thumbnailUrl":"https:\/\/autoecole-defontaine.fr\/wp-content\/uploads\/2024\/04\/Logo-permis-AM-Blanc.png","datePublished":"2024-04-09T18:13:56+00:00","dateModified":"2024-04-18T17:37:23+00:00","breadcrumb":{"@id":"https:\/\/autoecole-defontaine.fr\/index.php\/permis-am\/#breadcrumb"},"inLanguage":"fr-FR","potentialAction":[{"@type":"ReadAction","target":["https:\/\/autoecole-defontaine.fr\/index.php\/permis-am\/"]}]},{"@type":"ImageObject","inLanguage":"fr-FR","@id":"https:\/\/autoecole-defontaine.fr\/index.php\/permis-am\/#primaryimage","url":"https:\/\/autoecole-defontaine.fr\/wp-content\/uploads\/2024\/04\/Logo-permis-AM-Blanc.png","contentUrl":"https:\/\/autoecole-defontaine.fr\/wp-content\/uploads\/2024\/04\/Logo-permis-AM-Blanc.png","width":800,"height":800},{"@type":"BreadcrumbList","@id":"https:\/\/autoecole-defontaine.fr\/index.php\/permis-am\/#breadcrumb","itemListElement":[{"@type":"ListItem","position":1,"name":"Accueil","item":"https:\/\/autoecole-defontaine.fr\/"},{"@type":"ListItem","position":2,"name":"Permis AM"}]},{"@type":"WebSite","@id":"https:\/\/autoecole-defontaine.fr\/#website","url":"https:\/\/autoecole-defontaine.fr\/","name":"Auto Ecole Defontaine","description":"Laon 02","publisher":{"@id":"https:\/\/autoecole-defontaine.fr\/#organization"},"potentialAction":[{"@type":"SearchAction","target":{"@type":"EntryPoint","urlTemplate":"https:\/\/autoecole-defontaine.fr\/?s={search_term_string}"},"query-input":"required name=search_term_string"}],"inLanguage":"fr-FR"},{"@type":"Organization","@id":"https:\/\/autoecole-defontaine.fr\/#organization","name":"Auto Ecole Defontaine","url":"https:\/\/autoecole-defontaine.fr\/","logo":{"@type":"ImageObject","inLanguage":"fr-FR","@id":"https:\/\/autoecole-defontaine.fr\/#\/schema\/logo\/image\/","url":"https:\/\/autoecole-defontaine.fr\/wp-content\/uploads\/2024\/04\/cropped-Logo-En-Tete-1.png","contentUrl":"https:\/\/autoecole-defontaine.fr\/wp-content\/uploads\/2024\/04\/cropped-Logo-En-Tete-1.png","width":250,"height":33,"caption":"Auto Ecole Defontaine"},"image":{"@id":"https:\/\/autoecole-defontaine.fr\/#\/schema\/logo\/image\/"}}]}},"_links":{"self":[{"href":"https:\/\/autoecole-defontaine.fr\/index.php\/wp-json\/wp\/v2\/pages\/354","targetHints":{"allow":["GET"]}}],"collection":[{"href":"https:\/\/autoecole-defontaine.fr\/index.php\/wp-json\/wp\/v2\/pages"}],"about":[{"href":"https:\/\/autoecole-defontaine.fr\/index.php\/wp-json\/wp\/v2\/types\/page"}],"author":[{"embeddable":true,"href":"https:\/\/autoecole-defontaine.fr\/index.php\/wp-json\/wp\/v2\/users\/1"}],"replies":[{"embeddable":true,"href":"https:\/\/autoecole-defontaine.fr\/index.php\/wp-json\/wp\/v2\/comments?post=354"}],"version-history":[{"count":6,"href":"https:\/\/autoecole-defontaine.fr\/index.php\/wp-json\/wp\/v2\/pages\/354\/revisions"}],"predecessor-version":[{"id":686,"href":"https:\/\/autoecole-defontaine.fr\/index.php\/wp-json\/wp\/v2\/pages\/354\/revisions\/686"}],"wp:attachment":[{"href":"https:\/\/autoecole-defontaine.fr\/index.php\/wp-json\/wp\/v2\/media?parent=354"}],"curies":[{"name":"wp","href":"https:\/\/api.w.org\/{rel}","templated":true}]}}