{"id":356,"date":"2024-04-09T20:14:11","date_gmt":"2024-04-09T18:14:11","guid":{"rendered":"https:\/\/autoecole-defontaine.fr\/?page_id=356"},"modified":"2024-04-18T09:38:04","modified_gmt":"2024-04-18T07:38:04","slug":"post-permis","status":"publish","type":"page","link":"https:\/\/autoecole-defontaine.fr\/index.php\/post-permis\/","title":{"rendered":"Post permis"},"content":{"rendered":"\n<h2 class=\"wp-block-heading has-text-align-center\">post permis<\/h2>\n\n\n\n<div class=\"wp-block-columns alignfull are-vertically-aligned-center has-background is-layout-flex wp-container-core-columns-is-layout-e793c14b wp-block-columns-is-layout-flex\" style=\"background:linear-gradient(135deg,rgb(212,100,43) 0%,rgb(203,34,41) 100%);margin-top:0;margin-bottom:0;padding-top:var(--wp--preset--spacing--50);padding-right:var(--wp--preset--spacing--60);padding-bottom:var(--wp--preset--spacing--50);padding-left:var(--wp--preset--spacing--60)\">\n<div class=\"wp-block-column is-vertically-aligned-center is-layout-flow wp-block-column-is-layout-flow\">\n<figure class=\"wp-block-image aligncenter size-full is-resized\"><img loading=\"lazy\" decoding=\"async\" width=\"200\" height=\"200\" src=\"https:\/\/autoecole-defontaine.fr\/wp-content\/uploads\/2024\/04\/Logo-post-permis-Blanc.png\" alt=\"\" class=\"wp-image-458\" style=\"box-shadow:none;width:136px;height:auto\" srcset=\"https:\/\/autoecole-defontaine.fr\/wp-content\/uploads\/2024\/04\/Logo-post-permis-Blanc.png 200w, https:\/\/autoecole-defontaine.fr\/wp-content\/uploads\/2024\/04\/Logo-post-permis-Blanc-150x150.png 150w\" sizes=\"auto, (max-width: 200px) 100vw, 200px\" \/><\/figure>\n<\/div>\n<\/div>\n\n\n\n<div class=\"wp-block-columns are-vertically-aligned-center is-layout-flex wp-container-core-columns-is-layout-2d5c5474 wp-block-columns-is-layout-flex\" style=\"margin-top:50px;padding-top:0;padding-bottom:0\">\n<div class=\"wp-block-column is-vertically-aligned-center has-background is-layout-flow wp-container-core-column-is-layout-25b5a5e0 wp-block-column-is-layout-flow\" style=\"border-style:none;border-width:0px;background-color:#f4f4f4;padding-top:var(--wp--preset--spacing--20);padding-right:var(--wp--preset--spacing--40);padding-bottom:var(--wp--preset--spacing--20);padding-left:var(--wp--preset--spacing--40);box-shadow:var(--wp--preset--shadow--natural)\">\n<h3 class=\"wp-block-heading has-text-align-center has-black-color has-text-color has-link-color wp-elements-682a6e803782af44d27a89815f94579b\" style=\"margin-top:16px\">Tarif post permis<\/h3>\n\n\n\n<hr class=\"wp-block-separator has-text-color has-black-color has-alpha-channel-opacity has-black-background-color has-background\"\/>\n\n\n\n<h2 class=\"wp-block-heading has-text-align-center has-ast-global-color-7-color has-text-color has-link-color wp-elements-d61e1b62ca2b196170df5c61b6c50096\" style=\"margin-top:16px\">99\u20ac<\/h2>\n\n\n\n<div style=\"height:15px\" aria-hidden=\"true\" class=\"wp-block-spacer\"><\/div>\n<\/div>\n\n\n\n<div class=\"wp-block-column is-vertically-aligned-center is-layout-flow wp-container-core-column-is-layout-6b73ce23 wp-block-column-is-layout-flow\" style=\"box-shadow:none\">\n<h3 class=\"wp-block-heading has-text-align-center\">Conditions d&rsquo;\u00e9ligibilit\u00e9<\/h3>\n\n\n\n<div style=\"height:23px\" aria-hidden=\"true\" class=\"wp-block-spacer\"><\/div>\n\n\n\n<ul class=\"wp-block-list\">\n<li>\u00catre titulaire d&rsquo;un premier permis de conduire<\/li>\n\n\n\n<li>Avoir entre 6 mois et 1 an de permis de conduire<\/li>\n\n\n\n<li>Ne pas avoir commis d&rsquo;infraction faisant l&rsquo;objet d&rsquo;un retrait de point, de restriction ou de suspension du droit de conduire<\/li>\n<\/ul>\n<\/div>\n<\/div>\n\n\n\n<hr class=\"wp-block-separator has-text-color has-ast-global-color-4-color has-alpha-channel-opacity has-ast-global-color-4-background-color has-background is-style-wide\"\/>\n\n\n\n<h3 class=\"wp-block-heading has-text-align-center\">dur\u00e9e de la formation<\/h3>\n\n\n\n<p class=\"has-text-align-center\">7 heures sur une seule journ\u00e9e <em>(la pause repas \u00e9tant hors formation)<\/em><\/p>\n\n\n\n<div class=\"wp-block-columns are-vertically-aligned-center is-layout-flex wp-container-core-columns-is-layout-28a601b9 wp-block-columns-is-layout-flex\" style=\"margin-top:0px;padding-top:0;padding-bottom:0\">\n<div class=\"wp-block-column is-vertically-aligned-center has-background is-layout-flow wp-container-core-column-is-layout-25b5a5e0 wp-block-column-is-layout-flow\" style=\"border-style:none;border-width:0px;background-color:#f4f4f4;padding-top:var(--wp--preset--spacing--20);padding-right:var(--wp--preset--spacing--40);padding-bottom:var(--wp--preset--spacing--20);padding-left:var(--wp--preset--spacing--40);box-shadow:var(--wp--preset--shadow--natural)\">\n<h3 class=\"wp-block-heading has-text-align-center has-black-color has-text-color has-link-color wp-elements-b83e3efe0032b789168ce4bda34389a3\" style=\"margin-top:16px\">MATIN<\/h3>\n\n\n\n<hr class=\"wp-block-separator has-text-color has-black-color has-alpha-channel-opacity has-black-background-color has-background\"\/>\n\n\n\n<h2 class=\"wp-block-heading has-text-align-center has-ast-global-color-7-color has-text-color has-link-color wp-elements-baf6e24190c3030819615ed7d903f3fa\" style=\"margin-top:16px\">8h \u00e0 12h<\/h2>\n\n\n\n<div style=\"height:15px\" aria-hidden=\"true\" class=\"wp-block-spacer\"><\/div>\n<\/div>\n\n\n\n<div class=\"wp-block-column is-vertically-aligned-center has-background is-layout-flow wp-container-core-column-is-layout-25b5a5e0 wp-block-column-is-layout-flow\" style=\"border-style:none;border-width:0px;background-color:#f4f4f4;padding-top:var(--wp--preset--spacing--20);padding-right:var(--wp--preset--spacing--40);padding-bottom:var(--wp--preset--spacing--20);padding-left:var(--wp--preset--spacing--40);box-shadow:var(--wp--preset--shadow--natural)\">\n<h3 class=\"wp-block-heading has-text-align-center has-black-color has-text-color has-link-color wp-elements-da8855b76bf0e751743ce72bdc0077c6\" style=\"margin-top:16px\">Apr\u00e9s midi<\/h3>\n\n\n\n<hr class=\"wp-block-separator has-text-color has-black-color has-alpha-channel-opacity has-black-background-color has-background\"\/>\n\n\n\n<h2 class=\"wp-block-heading has-text-align-center has-ast-global-color-7-color has-text-color has-link-color wp-elements-8aa08fe86a876ff384a375248df69f51\" style=\"margin-top:16px\">13h \u00e0 16h<\/h2>\n\n\n\n<div style=\"height:15px\" aria-hidden=\"true\" class=\"wp-block-spacer\"><\/div>\n<\/div>\n<\/div>\n\n\n\n<div style=\"height:25px\" aria-hidden=\"true\" class=\"wp-block-spacer\"><\/div>\n\n\n\n<hr class=\"wp-block-separator has-text-color has-ast-global-color-4-color has-alpha-channel-opacity has-ast-global-color-4-background-color has-background is-style-wide\"\/>\n\n\n\n<h3 class=\"wp-block-heading has-text-align-center\">objectif<\/h3>\n\n\n\n<p class=\"has-text-align-center\">L&rsquo;objectif est de vous donner les outils et les connaissances n\u00e9cessaires pour rester en s\u00e9curit\u00e9 et en confiance sur la route, m\u00eame dans les situations les plus exigeantes.<\/p>\n\n\n\n<p class=\"has-text-align-center\">Cette formation est ax\u00e9e sur le perfectionnement des techniques de conduite et la sensibilisation aux situations routi\u00e8res les plus complexes. <br>Nos instructeurs exp\u00e9riment\u00e9s vous guideront \u00e0 travers des exercices pratiques et des discussions th\u00e9oriques, vous permettant ainsi de renforcer vos r\u00e9flexes et votre prise de d\u00e9cision sur la route.<\/p>\n\n\n\n<p class=\"has-text-align-center\">Nous abordons \u00e9galement des sujets tels que la gestion du stress au volant, la conduite en conditions m\u00e9t\u00e9orologiques difficiles et la pr\u00e9vention des accidents.<\/p>\n","protected":false},"excerpt":{"rendered":"<p>post permis Tarif post permis 99\u20ac Conditions d&rsquo;\u00e9ligibilit\u00e9 dur\u00e9e de la formation 7 heures sur une seule journ\u00e9e (la pause [&hellip;]<\/p>\n","protected":false},"author":1,"featured_media":0,"parent":0,"menu_order":0,"comment_status":"closed","ping_status":"closed","template":"","meta":{"site-sidebar-layout":"default","site-content-layout":"","ast-site-content-layout":"","site-content-style":"default","site-sidebar-style":"default","ast-global-header-display":"","ast-banner-title-visibility":"","ast-main-header-display":"","ast-hfb-above-header-display":"","ast-hfb-below-header-display":"","ast-hfb-mobile-header-display":"","site-post-title":"","ast-breadcrumbs-content":"","ast-featured-img":"","footer-sml-layout":"","theme-transparent-header-meta":"","adv-header-id-meta":"","stick-header-meta":"","header-above-stick-meta":"","header-main-stick-meta":"","header-below-stick-meta":"","astra-migrate-meta-layouts":"default","ast-page-background-enabled":"default","ast-page-background-meta":{"desktop":{"background-color":"var(--ast-global-color-4)","background-image":"","background-repeat":"repeat","background-position":"center center","background-size":"auto","background-attachment":"scroll","background-type":"","background-media":"","overlay-type":"","overlay-color":"","overlay-gradient":""},"tablet":{"background-color":"","background-image":"","background-repeat":"repeat","background-position":"center center","background-size":"auto","background-attachment":"scroll","background-type":"","background-media":"","overlay-type":"","overlay-color":"","overlay-gradient":""},"mobile":{"background-color":"","background-image":"","background-repeat":"repeat","background-position":"center center","background-size":"auto","background-attachment":"scroll","background-type":"","background-media":"","overlay-type":"","overlay-color":"","overlay-gradient":""}},"ast-content-background-meta":{"desktop":{"background-color":"var(--ast-global-color-5)","background-image":"","background-repeat":"repeat","background-position":"center center","background-size":"auto","background-attachment":"scroll","background-type":"","background-media":"","overlay-type":"","overlay-color":"","overlay-gradient":""},"tablet":{"background-color":"var(--ast-global-color-5)","background-image":"","background-repeat":"repeat","background-position":"center center","background-size":"auto","background-attachment":"scroll","background-type":"","background-media":"","overlay-type":"","overlay-color":"","overlay-gradient":""},"mobile":{"background-color":"var(--ast-global-color-5)","background-image":"","background-repeat":"repeat","background-position":"center center","background-size":"auto","background-attachment":"scroll","background-type":"","background-media":"","overlay-type":"","overlay-color":"","overlay-gradient":""}},"iawp_total_views":202,"footnotes":""},"class_list":["post-356","page","type-page","status-publish","hentry"],"yoast_head":"<!-- This site is optimized with the Yoast SEO plugin v23.1 - https:\/\/yoast.com\/wordpress\/plugins\/seo\/ -->\n<title>Post permis - Auto Ecole Defontaine<\/title>\n<meta name=\"robots\" content=\"index, follow, max-snippet:-1, max-image-preview:large, max-video-preview:-1\" \/>\n<link rel=\"canonical\" href=\"https:\/\/autoecole-defontaine.fr\/index.php\/post-permis\/\" \/>\n<meta property=\"og:locale\" content=\"fr_FR\" \/>\n<meta property=\"og:type\" content=\"article\" \/>\n<meta property=\"og:title\" content=\"Post permis - Auto Ecole Defontaine\" \/>\n<meta property=\"og:description\" content=\"post permis Tarif post permis 99\u20ac Conditions d&rsquo;\u00e9ligibilit\u00e9 dur\u00e9e de la formation 7 heures sur une seule journ\u00e9e (la pause [&hellip;]\" \/>\n<meta property=\"og:url\" content=\"https:\/\/autoecole-defontaine.fr\/index.php\/post-permis\/\" \/>\n<meta property=\"og:site_name\" content=\"Auto Ecole Defontaine\" \/>\n<meta property=\"article:modified_time\" content=\"2024-04-18T07:38:04+00:00\" \/>\n<meta property=\"og:image\" content=\"https:\/\/autoecole-defontaine.fr\/wp-content\/uploads\/2024\/04\/Logo-post-permis-Blanc.png\" \/>\n<meta name=\"twitter:card\" content=\"summary_large_image\" \/>\n<meta name=\"twitter:label1\" content=\"Dur\u00e9e de lecture estim\u00e9e\" \/>\n\t<meta name=\"twitter:data1\" content=\"1 minute\" \/>\n<script type=\"application\/ld+json\" class=\"yoast-schema-graph\">{\"@context\":\"https:\/\/schema.org\",\"@graph\":[{\"@type\":\"WebPage\",\"@id\":\"https:\/\/autoecole-defontaine.fr\/index.php\/post-permis\/\",\"url\":\"https:\/\/autoecole-defontaine.fr\/index.php\/post-permis\/\",\"name\":\"Post permis - Auto Ecole Defontaine\",\"isPartOf\":{\"@id\":\"https:\/\/autoecole-defontaine.fr\/#website\"},\"primaryImageOfPage\":{\"@id\":\"https:\/\/autoecole-defontaine.fr\/index.php\/post-permis\/#primaryimage\"},\"image\":{\"@id\":\"https:\/\/autoecole-defontaine.fr\/index.php\/post-permis\/#primaryimage\"},\"thumbnailUrl\":\"https:\/\/autoecole-defontaine.fr\/wp-content\/uploads\/2024\/04\/Logo-post-permis-Blanc.png\",\"datePublished\":\"2024-04-09T18:14:11+00:00\",\"dateModified\":\"2024-04-18T07:38:04+00:00\",\"breadcrumb\":{\"@id\":\"https:\/\/autoecole-defontaine.fr\/index.php\/post-permis\/#breadcrumb\"},\"inLanguage\":\"fr-FR\",\"potentialAction\":[{\"@type\":\"ReadAction\",\"target\":[\"https:\/\/autoecole-defontaine.fr\/index.php\/post-permis\/\"]}]},{\"@type\":\"ImageObject\",\"inLanguage\":\"fr-FR\",\"@id\":\"https:\/\/autoecole-defontaine.fr\/index.php\/post-permis\/#primaryimage\",\"url\":\"https:\/\/autoecole-defontaine.fr\/wp-content\/uploads\/2024\/04\/Logo-post-permis-Blanc.png\",\"contentUrl\":\"https:\/\/autoecole-defontaine.fr\/wp-content\/uploads\/2024\/04\/Logo-post-permis-Blanc.png\",\"width\":200,\"height\":200},{\"@type\":\"BreadcrumbList\",\"@id\":\"https:\/\/autoecole-defontaine.fr\/index.php\/post-permis\/#breadcrumb\",\"itemListElement\":[{\"@type\":\"ListItem\",\"position\":1,\"name\":\"Accueil\",\"item\":\"https:\/\/autoecole-defontaine.fr\/\"},{\"@type\":\"ListItem\",\"position\":2,\"name\":\"Post permis\"}]},{\"@type\":\"WebSite\",\"@id\":\"https:\/\/autoecole-defontaine.fr\/#website\",\"url\":\"https:\/\/autoecole-defontaine.fr\/\",\"name\":\"Auto Ecole Defontaine\",\"description\":\"Laon 02\",\"publisher\":{\"@id\":\"https:\/\/autoecole-defontaine.fr\/#organization\"},\"potentialAction\":[{\"@type\":\"SearchAction\",\"target\":{\"@type\":\"EntryPoint\",\"urlTemplate\":\"https:\/\/autoecole-defontaine.fr\/?s={search_term_string}\"},\"query-input\":\"required name=search_term_string\"}],\"inLanguage\":\"fr-FR\"},{\"@type\":\"Organization\",\"@id\":\"https:\/\/autoecole-defontaine.fr\/#organization\",\"name\":\"Auto Ecole Defontaine\",\"url\":\"https:\/\/autoecole-defontaine.fr\/\",\"logo\":{\"@type\":\"ImageObject\",\"inLanguage\":\"fr-FR\",\"@id\":\"https:\/\/autoecole-defontaine.fr\/#\/schema\/logo\/image\/\",\"url\":\"https:\/\/autoecole-defontaine.fr\/wp-content\/uploads\/2024\/04\/cropped-Logo-En-Tete-1.png\",\"contentUrl\":\"https:\/\/autoecole-defontaine.fr\/wp-content\/uploads\/2024\/04\/cropped-Logo-En-Tete-1.png\",\"width\":250,\"height\":33,\"caption\":\"Auto Ecole Defontaine\"},\"image\":{\"@id\":\"https:\/\/autoecole-defontaine.fr\/#\/schema\/logo\/image\/\"}}]}<\/script>\n<!-- \/ Yoast SEO plugin. -->","yoast_head_json":{"title":"Post permis - Auto Ecole Defontaine","robots":{"index":"index","follow":"follow","max-snippet":"max-snippet:-1","max-image-preview":"max-image-preview:large","max-video-preview":"max-video-preview:-1"},"canonical":"https:\/\/autoecole-defontaine.fr\/index.php\/post-permis\/","og_locale":"fr_FR","og_type":"article","og_title":"Post permis - Auto Ecole Defontaine","og_description":"post permis Tarif post permis 99\u20ac Conditions d&rsquo;\u00e9ligibilit\u00e9 dur\u00e9e de la formation 7 heures sur une seule journ\u00e9e (la pause [&hellip;]","og_url":"https:\/\/autoecole-defontaine.fr\/index.php\/post-permis\/","og_site_name":"Auto Ecole Defontaine","article_modified_time":"2024-04-18T07:38:04+00:00","og_image":[{"url":"https:\/\/autoecole-defontaine.fr\/wp-content\/uploads\/2024\/04\/Logo-post-permis-Blanc.png"}],"twitter_card":"summary_large_image","twitter_misc":{"Dur\u00e9e de lecture estim\u00e9e":"1 minute"},"schema":{"@context":"https:\/\/schema.org","@graph":[{"@type":"WebPage","@id":"https:\/\/autoecole-defontaine.fr\/index.php\/post-permis\/","url":"https:\/\/autoecole-defontaine.fr\/index.php\/post-permis\/","name":"Post permis - Auto Ecole Defontaine","isPartOf":{"@id":"https:\/\/autoecole-defontaine.fr\/#website"},"primaryImageOfPage":{"@id":"https:\/\/autoecole-defontaine.fr\/index.php\/post-permis\/#primaryimage"},"image":{"@id":"https:\/\/autoecole-defontaine.fr\/index.php\/post-permis\/#primaryimage"},"thumbnailUrl":"https:\/\/autoecole-defontaine.fr\/wp-content\/uploads\/2024\/04\/Logo-post-permis-Blanc.png","datePublished":"2024-04-09T18:14:11+00:00","dateModified":"2024-04-18T07:38:04+00:00","breadcrumb":{"@id":"https:\/\/autoecole-defontaine.fr\/index.php\/post-permis\/#breadcrumb"},"inLanguage":"fr-FR","potentialAction":[{"@type":"ReadAction","target":["https:\/\/autoecole-defontaine.fr\/index.php\/post-permis\/"]}]},{"@type":"ImageObject","inLanguage":"fr-FR","@id":"https:\/\/autoecole-defontaine.fr\/index.php\/post-permis\/#primaryimage","url":"https:\/\/autoecole-defontaine.fr\/wp-content\/uploads\/2024\/04\/Logo-post-permis-Blanc.png","contentUrl":"https:\/\/autoecole-defontaine.fr\/wp-content\/uploads\/2024\/04\/Logo-post-permis-Blanc.png","width":200,"height":200},{"@type":"BreadcrumbList","@id":"https:\/\/autoecole-defontaine.fr\/index.php\/post-permis\/#breadcrumb","itemListElement":[{"@type":"ListItem","position":1,"name":"Accueil","item":"https:\/\/autoecole-defontaine.fr\/"},{"@type":"ListItem","position":2,"name":"Post permis"}]},{"@type":"WebSite","@id":"https:\/\/autoecole-defontaine.fr\/#website","url":"https:\/\/autoecole-defontaine.fr\/","name":"Auto Ecole Defontaine","description":"Laon 02","publisher":{"@id":"https:\/\/autoecole-defontaine.fr\/#organization"},"potentialAction":[{"@type":"SearchAction","target":{"@type":"EntryPoint","urlTemplate":"https:\/\/autoecole-defontaine.fr\/?s={search_term_string}"},"query-input":"required name=search_term_string"}],"inLanguage":"fr-FR"},{"@type":"Organization","@id":"https:\/\/autoecole-defontaine.fr\/#organization","name":"Auto Ecole Defontaine","url":"https:\/\/autoecole-defontaine.fr\/","logo":{"@type":"ImageObject","inLanguage":"fr-FR","@id":"https:\/\/autoecole-defontaine.fr\/#\/schema\/logo\/image\/","url":"https:\/\/autoecole-defontaine.fr\/wp-content\/uploads\/2024\/04\/cropped-Logo-En-Tete-1.png","contentUrl":"https:\/\/autoecole-defontaine.fr\/wp-content\/uploads\/2024\/04\/cropped-Logo-En-Tete-1.png","width":250,"height":33,"caption":"Auto Ecole Defontaine"},"image":{"@id":"https:\/\/autoecole-defontaine.fr\/#\/schema\/logo\/image\/"}}]}},"_links":{"self":[{"href":"https:\/\/autoecole-defontaine.fr\/index.php\/wp-json\/wp\/v2\/pages\/356","targetHints":{"allow":["GET"]}}],"collection":[{"href":"https:\/\/autoecole-defontaine.fr\/index.php\/wp-json\/wp\/v2\/pages"}],"about":[{"href":"https:\/\/autoecole-defontaine.fr\/index.php\/wp-json\/wp\/v2\/types\/page"}],"author":[{"embeddable":true,"href":"https:\/\/autoecole-defontaine.fr\/index.php\/wp-json\/wp\/v2\/users\/1"}],"replies":[{"embeddable":true,"href":"https:\/\/autoecole-defontaine.fr\/index.php\/wp-json\/wp\/v2\/comments?post=356"}],"version-history":[{"count":13,"href":"https:\/\/autoecole-defontaine.fr\/index.php\/wp-json\/wp\/v2\/pages\/356\/revisions"}],"predecessor-version":[{"id":584,"href":"https:\/\/autoecole-defontaine.fr\/index.php\/wp-json\/wp\/v2\/pages\/356\/revisions\/584"}],"wp:attachment":[{"href":"https:\/\/autoecole-defontaine.fr\/index.php\/wp-json\/wp\/v2\/media?parent=356"}],"curies":[{"name":"wp","href":"https:\/\/api.w.org\/{rel}","templated":true}]}}