{"id":373,"date":"2024-04-11T09:04:14","date_gmt":"2024-04-11T07:04:14","guid":{"rendered":"https:\/\/autoecole-defontaine.fr\/?page_id=373"},"modified":"2025-08-07T09:11:17","modified_gmt":"2025-08-07T07:11:17","slug":"formation-125","status":"publish","type":"page","link":"https:\/\/autoecole-defontaine.fr\/index.php\/formation-125\/","title":{"rendered":"Formation 125 cm3"},"content":{"rendered":"\n<h2 class=\"wp-block-heading has-text-align-center\"> Formation 125 cm3<\/h2>\n\n\n\n<div class=\"wp-block-columns alignfull are-vertically-aligned-center has-background is-layout-flex wp-container-core-columns-is-layout-e793c14b wp-block-columns-is-layout-flex\" style=\"background:linear-gradient(135deg,rgb(212,100,43) 0%,rgb(203,34,41) 100%);margin-top:0;margin-bottom:0;padding-top:var(--wp--preset--spacing--50);padding-right:var(--wp--preset--spacing--60);padding-bottom:var(--wp--preset--spacing--50);padding-left:var(--wp--preset--spacing--60)\">\n<div class=\"wp-block-column is-vertically-aligned-center is-layout-flow wp-block-column-is-layout-flow\">\n<figure class=\"wp-block-image aligncenter size-full is-resized\"><img loading=\"lazy\" decoding=\"async\" width=\"800\" height=\"800\" src=\"http:\/\/autoecole-defontaine.fr\/wp-content\/uploads\/2024\/04\/Logo-permis-A-Blanc.png\" alt=\"\" class=\"wp-image-524\" style=\"box-shadow:none;width:136px;height:auto\" srcset=\"https:\/\/autoecole-defontaine.fr\/wp-content\/uploads\/2024\/04\/Logo-permis-A-Blanc.png 800w, https:\/\/autoecole-defontaine.fr\/wp-content\/uploads\/2024\/04\/Logo-permis-A-Blanc-300x300.png 300w, https:\/\/autoecole-defontaine.fr\/wp-content\/uploads\/2024\/04\/Logo-permis-A-Blanc-150x150.png 150w, https:\/\/autoecole-defontaine.fr\/wp-content\/uploads\/2024\/04\/Logo-permis-A-Blanc-768x768.png 768w\" sizes=\"auto, (max-width: 800px) 100vw, 800px\" \/><\/figure>\n<\/div>\n<\/div>\n\n\n\n<div style=\"height:35px\" aria-hidden=\"true\" class=\"wp-block-spacer\"><\/div>\n\n\n\n<p class=\"has-text-align-center\">Pour les personnes souhaitant conduire une motocyclette dont la cylindr\u00e9e n\u2019exc\u00e8de pas 125 cm3, dont la puissance n\u2019exc\u00e8de pas 11 kW et dont le rapport puissance\/poids est inf\u00e9rieur \u00e0 0,1 kW par kilogramme.<\/p>\n\n\n\n<div class=\"wp-block-columns are-vertically-aligned-center is-layout-flex wp-container-core-columns-is-layout-2d5c5474 wp-block-columns-is-layout-flex\" style=\"margin-top:50px;padding-top:0;padding-bottom:0\">\n<div class=\"wp-block-column is-vertically-aligned-center is-layout-flow wp-container-core-column-is-layout-6b73ce23 wp-block-column-is-layout-flow\" style=\"box-shadow:none\">\n<h3 class=\"wp-block-heading has-text-align-center\">Formation de 7 heures<\/h3>\n\n\n\n<ul class=\"wp-block-list\">\n<li>2 heures de th\u00e9orie<\/li>\n\n\n\n<li>2 heures de pratique hors circulation <em><mark style=\"background-color:rgba(0, 0, 0, 0)\" class=\"has-inline-color has-ast-global-color-3-color\">(plateau)<\/mark><\/em><\/li>\n\n\n\n<li>3 heures de pratique en circulation<\/li>\n<\/ul>\n<\/div>\n\n\n\n<div class=\"wp-block-column is-vertically-aligned-center has-background is-layout-flow wp-container-core-column-is-layout-25b5a5e0 wp-block-column-is-layout-flow\" style=\"border-style:none;border-width:0px;background-color:#f4f4f4;padding-top:var(--wp--preset--spacing--20);padding-right:var(--wp--preset--spacing--40);padding-bottom:var(--wp--preset--spacing--20);padding-left:var(--wp--preset--spacing--40);box-shadow:var(--wp--preset--shadow--natural)\">\n<h3 class=\"wp-block-heading has-text-align-center has-black-color has-text-color has-link-color wp-elements-f42915d0dcabf20e89d02f8c847a05a9\" style=\"margin-top:16px\">Tarif formation 125 cm3<\/h3>\n\n\n\n<hr class=\"wp-block-separator has-text-color has-black-color has-alpha-channel-opacity has-black-background-color has-background\"\/>\n\n\n\n<h2 class=\"wp-block-heading has-text-align-center has-ast-global-color-7-color has-text-color has-link-color wp-elements-2614b7e02c7e263f734e03a7713747c4\" style=\"margin-top:16px\">350\u20ac<\/h2>\n\n\n\n<div style=\"height:15px\" aria-hidden=\"true\" class=\"wp-block-spacer\"><\/div>\n<\/div>\n<\/div>\n\n\n\n<div style=\"height:35px\" aria-hidden=\"true\" class=\"wp-block-spacer\"><\/div>\n\n\n\n<h3 class=\"wp-block-heading has-text-align-center\">Formation th\u00e9orique<\/h3>\n\n\n\n<p class=\"has-text-align-center\">Sur les 7 heures de formation, 2 heures sont attribu\u00e9es \u00e0 un enseignement th\u00e9orique. L&rsquo;enseignement comprend :<\/p>\n\n\n\n<ul class=\"wp-block-list\">\n<li>L&rsquo;analyse des accidents les plus caract\u00e9ristiques impliquant les motocyclettes l\u00e9g\u00e8res et les tricycles \u00e0 moteur<\/li>\n\n\n\n<li>Des conseils qui permettent d\u2019appr\u00e9hender les pi\u00e8ges de la route : conduire sous la pluie ou de nuit, se rendre visible aupr\u00e8s des autres usagers , s\u2019\u00e9quiper en v\u00eatements protecteurs de qualit\u00e9, conna\u00eetre les manques d&rsquo;adh\u00e9rence (gravillons, ralentisseurs, peintures au sol etc.)<\/li>\n\n\n\n<li>Les cons\u00e9quences physiques et physiologiques des chocs sur les am\u00e9nagements de la route, y compris \u00e0 petite vitesse<\/li>\n<\/ul>\n\n\n\n<h3 class=\"wp-block-heading has-text-align-center\">Formation pratique hors circulation<\/h3>\n\n\n\n<p class=\"has-text-align-center\">Ces deux heures sont consacr\u00e9es \u00e0 la prise en main du v\u00e9hicule et aux v\u00e9rifications indispensables : huile, pression et usure des pneumatiques, poign\u00e9e de gaz, syst\u00e8me de freinage, etc.<\/p>\n\n\n\n<p class=\"has-text-align-center\">La personne en formation apprend :<\/p>\n\n\n\n<ul class=\"wp-block-list\">\n<li>\u00e0 d\u00e9marrer en toute s\u00e9curit\u00e9 ;<\/li>\n\n\n\n<li>\u00e0 monter et \u00e0 descendre les vitesses ;<\/li>\n\n\n\n<li>\u00e0 anticiper les man\u0153uvres de freinage et d\u2019\u00e9vitement ;<\/li>\n\n\n\n<li>\u00e0 s\u2019arr\u00eater.<\/li>\n<\/ul>\n\n\n\n<h3 class=\"wp-block-heading has-text-align-center\">Formation pratique en circulation<\/h3>\n\n\n\n<p class=\"has-text-align-center\">\u00c0 l\u2019issue des 3 heures hors-agglom\u00e9ration, le conducteur doit \u00eatre capable :<\/p>\n\n\n\n<ul class=\"wp-block-list\">\n<li>d\u2019adapter sa vitesse aux circonstances de la circulation ;<\/li>\n\n\n\n<li>de choisir la bonne voie et de bien se placer sur la chauss\u00e9e en fonction notamment des angles morts des v\u00e9hicules lourds ;<\/li>\n\n\n\n<li>de franchir une intersection, de changer de direction et de d\u00e9passer en toute s\u00e9curit\u00e9 en tenant compte du ph\u00e9nom\u00e8ne d\u2019aspiration ;<\/li>\n\n\n\n<li>de savoir n\u00e9gocier un virage en toute s\u00e9curit\u00e9.<\/li>\n<\/ul>\n\n\n\n<h3 class=\"wp-block-heading has-text-align-center\">acc\u00e9s \u00e0 la formation 125 cm3<\/h3>\n\n\n\n<p class=\"has-text-align-center\">Pour pr\u00e9tendre \u00e0 cette formation, il faut avoir obtenu le permis B depuis au moins deux ans.<\/p>\n\n\n\n<p class=\"has-text-align-center\">Les titulaires du permis B ayant assur\u00e9 et utilis\u00e9 une motocyclette l\u00e9g\u00e8re ou un tricycle au cours des cinq ann\u00e9es pr\u00e9c\u00e9dant le 1er janvier 2011 sont exempt\u00e9s de cette formation.<\/p>\n","protected":false},"excerpt":{"rendered":"<p>Formation 125 cm3 Pour les personnes souhaitant conduire une motocyclette dont la cylindr\u00e9e n\u2019exc\u00e8de pas 125 cm3, dont la puissance [&hellip;]<\/p>\n","protected":false},"author":1,"featured_media":0,"parent":0,"menu_order":0,"comment_status":"closed","ping_status":"closed","template":"","meta":{"site-sidebar-layout":"default","site-content-layout":"","ast-site-content-layout":"","site-content-style":"default","site-sidebar-style":"default","ast-global-header-display":"","ast-banner-title-visibility":"","ast-main-header-display":"","ast-hfb-above-header-display":"","ast-hfb-below-header-display":"","ast-hfb-mobile-header-display":"","site-post-title":"","ast-breadcrumbs-content":"","ast-featured-img":"","footer-sml-layout":"","theme-transparent-header-meta":"","adv-header-id-meta":"","stick-header-meta":"","header-above-stick-meta":"","header-main-stick-meta":"","header-below-stick-meta":"","astra-migrate-meta-layouts":"default","ast-page-background-enabled":"default","ast-page-background-meta":{"desktop":{"background-color":"var(--ast-global-color-4)","background-image":"","background-repeat":"repeat","background-position":"center center","background-size":"auto","background-attachment":"scroll","background-type":"","background-media":"","overlay-type":"","overlay-color":"","overlay-gradient":""},"tablet":{"background-color":"","background-image":"","background-repeat":"repeat","background-position":"center center","background-size":"auto","background-attachment":"scroll","background-type":"","background-media":"","overlay-type":"","overlay-color":"","overlay-gradient":""},"mobile":{"background-color":"","background-image":"","background-repeat":"repeat","background-position":"center center","background-size":"auto","background-attachment":"scroll","background-type":"","background-media":"","overlay-type":"","overlay-color":"","overlay-gradient":""}},"ast-content-background-meta":{"desktop":{"background-color":"var(--ast-global-color-5)","background-image":"","background-repeat":"repeat","background-position":"center center","background-size":"auto","background-attachment":"scroll","background-type":"","background-media":"","overlay-type":"","overlay-color":"","overlay-gradient":""},"tablet":{"background-color":"var(--ast-global-color-5)","background-image":"","background-repeat":"repeat","background-position":"center center","background-size":"auto","background-attachment":"scroll","background-type":"","background-media":"","overlay-type":"","overlay-color":"","overlay-gradient":""},"mobile":{"background-color":"var(--ast-global-color-5)","background-image":"","background-repeat":"repeat","background-position":"center center","background-size":"auto","background-attachment":"scroll","background-type":"","background-media":"","overlay-type":"","overlay-color":"","overlay-gradient":""}},"iawp_total_views":375,"footnotes":""},"class_list":["post-373","page","type-page","status-publish","hentry"],"yoast_head":"<!-- This site is optimized with the Yoast SEO plugin v23.1 - https:\/\/yoast.com\/wordpress\/plugins\/seo\/ -->\n<title>Formation 125 cm3 - Auto Ecole Defontaine<\/title>\n<meta name=\"robots\" content=\"index, follow, max-snippet:-1, max-image-preview:large, max-video-preview:-1\" \/>\n<link rel=\"canonical\" href=\"https:\/\/autoecole-defontaine.fr\/index.php\/formation-125\/\" \/>\n<meta property=\"og:locale\" content=\"fr_FR\" \/>\n<meta property=\"og:type\" content=\"article\" \/>\n<meta property=\"og:title\" content=\"Formation 125 cm3 - Auto Ecole Defontaine\" \/>\n<meta property=\"og:description\" content=\"Formation 125 cm3 Pour les personnes souhaitant conduire une motocyclette dont la cylindr\u00e9e n\u2019exc\u00e8de pas 125 cm3, dont la puissance [&hellip;]\" \/>\n<meta property=\"og:url\" content=\"https:\/\/autoecole-defontaine.fr\/index.php\/formation-125\/\" \/>\n<meta property=\"og:site_name\" content=\"Auto Ecole Defontaine\" \/>\n<meta property=\"article:modified_time\" content=\"2025-08-07T07:11:17+00:00\" \/>\n<meta property=\"og:image\" content=\"http:\/\/autoecole-defontaine.fr\/wp-content\/uploads\/2024\/04\/Logo-permis-A-Blanc.png\" \/>\n<meta name=\"twitter:card\" content=\"summary_large_image\" \/>\n<meta name=\"twitter:label1\" content=\"Dur\u00e9e de lecture estim\u00e9e\" \/>\n\t<meta name=\"twitter:data1\" content=\"2 minutes\" \/>\n<script type=\"application\/ld+json\" class=\"yoast-schema-graph\">{\"@context\":\"https:\/\/schema.org\",\"@graph\":[{\"@type\":\"WebPage\",\"@id\":\"https:\/\/autoecole-defontaine.fr\/index.php\/formation-125\/\",\"url\":\"https:\/\/autoecole-defontaine.fr\/index.php\/formation-125\/\",\"name\":\"Formation 125 cm3 - Auto Ecole Defontaine\",\"isPartOf\":{\"@id\":\"https:\/\/autoecole-defontaine.fr\/#website\"},\"primaryImageOfPage\":{\"@id\":\"https:\/\/autoecole-defontaine.fr\/index.php\/formation-125\/#primaryimage\"},\"image\":{\"@id\":\"https:\/\/autoecole-defontaine.fr\/index.php\/formation-125\/#primaryimage\"},\"thumbnailUrl\":\"http:\/\/autoecole-defontaine.fr\/wp-content\/uploads\/2024\/04\/Logo-permis-A-Blanc.png\",\"datePublished\":\"2024-04-11T07:04:14+00:00\",\"dateModified\":\"2025-08-07T07:11:17+00:00\",\"breadcrumb\":{\"@id\":\"https:\/\/autoecole-defontaine.fr\/index.php\/formation-125\/#breadcrumb\"},\"inLanguage\":\"fr-FR\",\"potentialAction\":[{\"@type\":\"ReadAction\",\"target\":[\"https:\/\/autoecole-defontaine.fr\/index.php\/formation-125\/\"]}]},{\"@type\":\"ImageObject\",\"inLanguage\":\"fr-FR\",\"@id\":\"https:\/\/autoecole-defontaine.fr\/index.php\/formation-125\/#primaryimage\",\"url\":\"https:\/\/autoecole-defontaine.fr\/wp-content\/uploads\/2024\/04\/Logo-permis-A-Blanc.png\",\"contentUrl\":\"https:\/\/autoecole-defontaine.fr\/wp-content\/uploads\/2024\/04\/Logo-permis-A-Blanc.png\",\"width\":800,\"height\":800},{\"@type\":\"BreadcrumbList\",\"@id\":\"https:\/\/autoecole-defontaine.fr\/index.php\/formation-125\/#breadcrumb\",\"itemListElement\":[{\"@type\":\"ListItem\",\"position\":1,\"name\":\"Accueil\",\"item\":\"https:\/\/autoecole-defontaine.fr\/\"},{\"@type\":\"ListItem\",\"position\":2,\"name\":\"Formation 125 cm3\"}]},{\"@type\":\"WebSite\",\"@id\":\"https:\/\/autoecole-defontaine.fr\/#website\",\"url\":\"https:\/\/autoecole-defontaine.fr\/\",\"name\":\"Auto Ecole Defontaine\",\"description\":\"Laon 02\",\"publisher\":{\"@id\":\"https:\/\/autoecole-defontaine.fr\/#organization\"},\"potentialAction\":[{\"@type\":\"SearchAction\",\"target\":{\"@type\":\"EntryPoint\",\"urlTemplate\":\"https:\/\/autoecole-defontaine.fr\/?s={search_term_string}\"},\"query-input\":\"required name=search_term_string\"}],\"inLanguage\":\"fr-FR\"},{\"@type\":\"Organization\",\"@id\":\"https:\/\/autoecole-defontaine.fr\/#organization\",\"name\":\"Auto Ecole Defontaine\",\"url\":\"https:\/\/autoecole-defontaine.fr\/\",\"logo\":{\"@type\":\"ImageObject\",\"inLanguage\":\"fr-FR\",\"@id\":\"https:\/\/autoecole-defontaine.fr\/#\/schema\/logo\/image\/\",\"url\":\"https:\/\/autoecole-defontaine.fr\/wp-content\/uploads\/2024\/04\/cropped-Logo-En-Tete-1.png\",\"contentUrl\":\"https:\/\/autoecole-defontaine.fr\/wp-content\/uploads\/2024\/04\/cropped-Logo-En-Tete-1.png\",\"width\":250,\"height\":33,\"caption\":\"Auto Ecole Defontaine\"},\"image\":{\"@id\":\"https:\/\/autoecole-defontaine.fr\/#\/schema\/logo\/image\/\"}}]}<\/script>\n<!-- \/ Yoast SEO plugin. -->","yoast_head_json":{"title":"Formation 125 cm3 - Auto Ecole Defontaine","robots":{"index":"index","follow":"follow","max-snippet":"max-snippet:-1","max-image-preview":"max-image-preview:large","max-video-preview":"max-video-preview:-1"},"canonical":"https:\/\/autoecole-defontaine.fr\/index.php\/formation-125\/","og_locale":"fr_FR","og_type":"article","og_title":"Formation 125 cm3 - Auto Ecole Defontaine","og_description":"Formation 125 cm3 Pour les personnes souhaitant conduire une motocyclette dont la cylindr\u00e9e n\u2019exc\u00e8de pas 125 cm3, dont la puissance [&hellip;]","og_url":"https:\/\/autoecole-defontaine.fr\/index.php\/formation-125\/","og_site_name":"Auto Ecole Defontaine","article_modified_time":"2025-08-07T07:11:17+00:00","og_image":[{"url":"http:\/\/autoecole-defontaine.fr\/wp-content\/uploads\/2024\/04\/Logo-permis-A-Blanc.png"}],"twitter_card":"summary_large_image","twitter_misc":{"Dur\u00e9e de lecture estim\u00e9e":"2 minutes"},"schema":{"@context":"https:\/\/schema.org","@graph":[{"@type":"WebPage","@id":"https:\/\/autoecole-defontaine.fr\/index.php\/formation-125\/","url":"https:\/\/autoecole-defontaine.fr\/index.php\/formation-125\/","name":"Formation 125 cm3 - Auto Ecole Defontaine","isPartOf":{"@id":"https:\/\/autoecole-defontaine.fr\/#website"},"primaryImageOfPage":{"@id":"https:\/\/autoecole-defontaine.fr\/index.php\/formation-125\/#primaryimage"},"image":{"@id":"https:\/\/autoecole-defontaine.fr\/index.php\/formation-125\/#primaryimage"},"thumbnailUrl":"http:\/\/autoecole-defontaine.fr\/wp-content\/uploads\/2024\/04\/Logo-permis-A-Blanc.png","datePublished":"2024-04-11T07:04:14+00:00","dateModified":"2025-08-07T07:11:17+00:00","breadcrumb":{"@id":"https:\/\/autoecole-defontaine.fr\/index.php\/formation-125\/#breadcrumb"},"inLanguage":"fr-FR","potentialAction":[{"@type":"ReadAction","target":["https:\/\/autoecole-defontaine.fr\/index.php\/formation-125\/"]}]},{"@type":"ImageObject","inLanguage":"fr-FR","@id":"https:\/\/autoecole-defontaine.fr\/index.php\/formation-125\/#primaryimage","url":"https:\/\/autoecole-defontaine.fr\/wp-content\/uploads\/2024\/04\/Logo-permis-A-Blanc.png","contentUrl":"https:\/\/autoecole-defontaine.fr\/wp-content\/uploads\/2024\/04\/Logo-permis-A-Blanc.png","width":800,"height":800},{"@type":"BreadcrumbList","@id":"https:\/\/autoecole-defontaine.fr\/index.php\/formation-125\/#breadcrumb","itemListElement":[{"@type":"ListItem","position":1,"name":"Accueil","item":"https:\/\/autoecole-defontaine.fr\/"},{"@type":"ListItem","position":2,"name":"Formation 125 cm3"}]},{"@type":"WebSite","@id":"https:\/\/autoecole-defontaine.fr\/#website","url":"https:\/\/autoecole-defontaine.fr\/","name":"Auto Ecole Defontaine","description":"Laon 02","publisher":{"@id":"https:\/\/autoecole-defontaine.fr\/#organization"},"potentialAction":[{"@type":"SearchAction","target":{"@type":"EntryPoint","urlTemplate":"https:\/\/autoecole-defontaine.fr\/?s={search_term_string}"},"query-input":"required name=search_term_string"}],"inLanguage":"fr-FR"},{"@type":"Organization","@id":"https:\/\/autoecole-defontaine.fr\/#organization","name":"Auto Ecole Defontaine","url":"https:\/\/autoecole-defontaine.fr\/","logo":{"@type":"ImageObject","inLanguage":"fr-FR","@id":"https:\/\/autoecole-defontaine.fr\/#\/schema\/logo\/image\/","url":"https:\/\/autoecole-defontaine.fr\/wp-content\/uploads\/2024\/04\/cropped-Logo-En-Tete-1.png","contentUrl":"https:\/\/autoecole-defontaine.fr\/wp-content\/uploads\/2024\/04\/cropped-Logo-En-Tete-1.png","width":250,"height":33,"caption":"Auto Ecole Defontaine"},"image":{"@id":"https:\/\/autoecole-defontaine.fr\/#\/schema\/logo\/image\/"}}]}},"_links":{"self":[{"href":"https:\/\/autoecole-defontaine.fr\/index.php\/wp-json\/wp\/v2\/pages\/373","targetHints":{"allow":["GET"]}}],"collection":[{"href":"https:\/\/autoecole-defontaine.fr\/index.php\/wp-json\/wp\/v2\/pages"}],"about":[{"href":"https:\/\/autoecole-defontaine.fr\/index.php\/wp-json\/wp\/v2\/types\/page"}],"author":[{"embeddable":true,"href":"https:\/\/autoecole-defontaine.fr\/index.php\/wp-json\/wp\/v2\/users\/1"}],"replies":[{"embeddable":true,"href":"https:\/\/autoecole-defontaine.fr\/index.php\/wp-json\/wp\/v2\/comments?post=373"}],"version-history":[{"count":14,"href":"https:\/\/autoecole-defontaine.fr\/index.php\/wp-json\/wp\/v2\/pages\/373\/revisions"}],"predecessor-version":[{"id":816,"href":"https:\/\/autoecole-defontaine.fr\/index.php\/wp-json\/wp\/v2\/pages\/373\/revisions\/816"}],"wp:attachment":[{"href":"https:\/\/autoecole-defontaine.fr\/index.php\/wp-json\/wp\/v2\/media?parent=373"}],"curies":[{"name":"wp","href":"https:\/\/api.w.org\/{rel}","templated":true}]}}