{"id":614,"date":"2024-04-18T11:28:55","date_gmt":"2024-04-18T09:28:55","guid":{"rendered":"https:\/\/autoecole-defontaine.fr\/?page_id=614"},"modified":"2024-04-26T17:11:26","modified_gmt":"2024-04-26T15:11:26","slug":"code-de-la-route-moto","status":"publish","type":"page","link":"https:\/\/autoecole-defontaine.fr\/index.php\/code-de-la-route-moto\/","title":{"rendered":"Code de la route moto"},"content":{"rendered":"\n<h2 class=\"wp-block-heading has-text-align-center\">code de la route moto<\/h2>\n\n\n\n<div class=\"wp-block-columns alignfull are-vertically-aligned-center has-background is-layout-flex wp-container-core-columns-is-layout-e793c14b wp-block-columns-is-layout-flex\" style=\"background:linear-gradient(135deg,rgb(212,100,43) 0%,rgb(203,34,41) 100%);margin-top:0;margin-bottom:0;padding-top:var(--wp--preset--spacing--50);padding-right:var(--wp--preset--spacing--60);padding-bottom:var(--wp--preset--spacing--50);padding-left:var(--wp--preset--spacing--60)\">\n<div class=\"wp-block-column is-vertically-aligned-center is-layout-flow wp-block-column-is-layout-flow\">\n<figure class=\"wp-block-image aligncenter size-full is-resized\"><img loading=\"lazy\" decoding=\"async\" width=\"800\" height=\"800\" src=\"https:\/\/autoecole-defontaine.fr\/wp-content\/uploads\/2024\/04\/icon-codedelaroute.png\" alt=\"\" class=\"wp-image-559\" style=\"box-shadow:none;width:136px;height:auto\" srcset=\"https:\/\/autoecole-defontaine.fr\/wp-content\/uploads\/2024\/04\/icon-codedelaroute.png 800w, https:\/\/autoecole-defontaine.fr\/wp-content\/uploads\/2024\/04\/icon-codedelaroute-300x300.png 300w, https:\/\/autoecole-defontaine.fr\/wp-content\/uploads\/2024\/04\/icon-codedelaroute-150x150.png 150w, https:\/\/autoecole-defontaine.fr\/wp-content\/uploads\/2024\/04\/icon-codedelaroute-768x768.png 768w\" sizes=\"auto, (max-width: 800px) 100vw, 800px\" \/><\/figure>\n<\/div>\n<\/div>\n\n\n\n<div class=\"wp-block-columns is-layout-flex wp-container-core-columns-is-layout-a5070b65 wp-block-columns-is-layout-flex\" style=\"margin-top:50px;padding-top:0;padding-bottom:var(--wp--preset--spacing--60)\">\n<div class=\"wp-block-column is-vertically-aligned-center has-background is-layout-flow wp-container-core-column-is-layout-25b5a5e0 wp-block-column-is-layout-flow\" style=\"border-style:none;border-width:0px;background-color:#f4f4f4;padding-top:var(--wp--preset--spacing--20);padding-right:var(--wp--preset--spacing--40);padding-bottom:var(--wp--preset--spacing--20);padding-left:var(--wp--preset--spacing--40);box-shadow:var(--wp--preset--shadow--natural)\">\n<h3 class=\"wp-block-heading has-text-align-center has-black-color has-text-color has-link-color wp-elements-2776d0c308c442cc0036cd79c810a93b\" style=\"margin-top:16px\">Tarif code de la route moto<\/h3>\n\n\n\n<hr class=\"wp-block-separator has-text-color has-black-color has-alpha-channel-opacity has-black-background-color has-background\"\/>\n\n\n\n<h2 class=\"wp-block-heading has-text-align-center has-ast-global-color-7-color has-text-color has-link-color wp-elements-ee54efa835763c3037ba4bf4363a0fd2\" style=\"margin-top:16px\">\u00e0 partir de 230\u20ac<\/h2>\n\n\n\n<div style=\"height:15px\" aria-hidden=\"true\" class=\"wp-block-spacer\"><\/div>\n<\/div>\n<\/div>\n\n\n\n<hr class=\"wp-block-separator has-text-color has-ast-global-color-4-color has-alpha-channel-opacity has-ast-global-color-4-background-color has-background is-style-wide\"\/>\n\n\n\n<figure class=\"wp-block-image aligncenter size-full is-resized\"><img loading=\"lazy\" decoding=\"async\" width=\"500\" height=\"440\" src=\"http:\/\/autoecole-defontaine.fr\/wp-content\/uploads\/2024\/04\/deroule-AAC-1.png\" alt=\"\" class=\"wp-image-252\" style=\"box-shadow:none;width:126px;height:auto\" srcset=\"https:\/\/autoecole-defontaine.fr\/wp-content\/uploads\/2024\/04\/deroule-AAC-1.png 500w, https:\/\/autoecole-defontaine.fr\/wp-content\/uploads\/2024\/04\/deroule-AAC-1-300x264.png 300w\" sizes=\"auto, (max-width: 500px) 100vw, 500px\" \/><\/figure>\n\n\n\n<h3 class=\"wp-block-heading has-text-align-center\">EXAMEN DU CODE LA ROUTE moto<\/h3>\n\n\n\n<p class=\"has-text-align-center\">Pour pr\u00e9parer l\u2019\u00e9preuve du code, il faut avoir au moins 16 ans si vous suivez la formation traditionnelle, ou 15 ans si vous suivez l\u2019apprentissage anticip\u00e9 de la conduite (aac).<\/p>\n\n\n\n<p class=\"has-text-align-center\">Nous proposons deux formules flexibles, adapt\u00e9es \u00e0 vos besoins et \u00e0 votre emploi du temps pour passer l&rsquo;examen du code de la route<\/p>\n\n\n\n<hr class=\"wp-block-separator has-text-color has-ast-global-color-4-color has-alpha-channel-opacity has-ast-global-color-4-background-color has-background is-style-wide\"\/>\n\n\n\n<div class=\"wp-block-columns are-vertically-aligned-top is-layout-flex wp-container-core-columns-is-layout-28f84493 wp-block-columns-is-layout-flex\">\n<div class=\"wp-block-column is-vertically-aligned-top is-layout-flow wp-block-column-is-layout-flow\">\n<h4 class=\"wp-block-heading has-text-align-center\">CODE en ligne<\/h4>\n\n\n\n<p class=\"has-text-align-center\">Avec des le\u00e7ons interactives, des tests de pratique et des simulations d&rsquo;examen, notre application est con\u00e7ue pour vous pr\u00e9parer de mani\u00e8re efficace et interactive \u00e0 r\u00e9ussir votre examen du code de la route.<\/p>\n\n\n\n<div class=\"wp-block-buttons is-content-justification-center is-layout-flex wp-container-core-buttons-is-layout-a89b3969 wp-block-buttons-is-layout-flex\">\n<div class=\"wp-block-button\"><a class=\"wp-block-button__link wp-element-button\">235\u20ac<\/a><\/div>\n<\/div>\n\n\n\n<p class=\"has-text-align-center\"><em>Frais de dossier administratif: 190\u20ac<br>Code en ligne (Environ 163 s\u00e9ries en ligne): 40\u20ac<\/em><\/p>\n<\/div>\n<\/div>\n\n\n\n<p class=\"has-text-align-center\">Pour r\u00e9ussir cette \u00e9preuve, il faut obtenir au moins 35 bonnes r\u00e9ponses sur 40 questions <em><mark style=\"background-color:rgba(0, 0, 0, 0)\" class=\"has-inline-color has-ast-global-color-3-color\">(5 erreurs maximum, une r\u00e9ponse est consid\u00e9r\u00e9e comme juste si toutes les propositions exactes ont \u00e9t\u00e9 valid\u00e9es)<\/mark><\/em>.<\/p>\n","protected":false},"excerpt":{"rendered":"<p>code de la route moto Tarif code de la route moto \u00e0 partir de 230\u20ac EXAMEN DU CODE LA ROUTE [&hellip;]<\/p>\n","protected":false},"author":1,"featured_media":0,"parent":0,"menu_order":0,"comment_status":"closed","ping_status":"closed","template":"","meta":{"site-sidebar-layout":"default","site-content-layout":"","ast-site-content-layout":"","site-content-style":"default","site-sidebar-style":"default","ast-global-header-display":"","ast-banner-title-visibility":"","ast-main-header-display":"","ast-hfb-above-header-display":"","ast-hfb-below-header-display":"","ast-hfb-mobile-header-display":"","site-post-title":"","ast-breadcrumbs-content":"","ast-featured-img":"","footer-sml-layout":"","theme-transparent-header-meta":"","adv-header-id-meta":"","stick-header-meta":"","header-above-stick-meta":"","header-main-stick-meta":"","header-below-stick-meta":"","astra-migrate-meta-layouts":"default","ast-page-background-enabled":"default","ast-page-background-meta":{"desktop":{"background-color":"var(--ast-global-color-4)","background-image":"","background-repeat":"repeat","background-position":"center center","background-size":"auto","background-attachment":"scroll","background-type":"","background-media":"","overlay-type":"","overlay-color":"","overlay-gradient":""},"tablet":{"background-color":"","background-image":"","background-repeat":"repeat","background-position":"center center","background-size":"auto","background-attachment":"scroll","background-type":"","background-media":"","overlay-type":"","overlay-color":"","overlay-gradient":""},"mobile":{"background-color":"","background-image":"","background-repeat":"repeat","background-position":"center center","background-size":"auto","background-attachment":"scroll","background-type":"","background-media":"","overlay-type":"","overlay-color":"","overlay-gradient":""}},"ast-content-background-meta":{"desktop":{"background-color":"var(--ast-global-color-5)","background-image":"","background-repeat":"repeat","background-position":"center center","background-size":"auto","background-attachment":"scroll","background-type":"","background-media":"","overlay-type":"","overlay-color":"","overlay-gradient":""},"tablet":{"background-color":"var(--ast-global-color-5)","background-image":"","background-repeat":"repeat","background-position":"center center","background-size":"auto","background-attachment":"scroll","background-type":"","background-media":"","overlay-type":"","overlay-color":"","overlay-gradient":""},"mobile":{"background-color":"var(--ast-global-color-5)","background-image":"","background-repeat":"repeat","background-position":"center center","background-size":"auto","background-attachment":"scroll","background-type":"","background-media":"","overlay-type":"","overlay-color":"","overlay-gradient":""}},"iawp_total_views":84,"footnotes":""},"class_list":["post-614","page","type-page","status-publish","hentry"],"yoast_head":"<!-- This site is optimized with the Yoast SEO plugin v23.1 - https:\/\/yoast.com\/wordpress\/plugins\/seo\/ -->\n<title>Code de la route moto - Auto Ecole Defontaine<\/title>\n<meta name=\"robots\" content=\"index, follow, max-snippet:-1, max-image-preview:large, max-video-preview:-1\" \/>\n<link rel=\"canonical\" href=\"https:\/\/autoecole-defontaine.fr\/index.php\/code-de-la-route-moto\/\" \/>\n<meta property=\"og:locale\" content=\"fr_FR\" \/>\n<meta property=\"og:type\" content=\"article\" \/>\n<meta property=\"og:title\" content=\"Code de la route moto - Auto Ecole Defontaine\" \/>\n<meta property=\"og:description\" content=\"code de la route moto Tarif code de la route moto \u00e0 partir de 230\u20ac EXAMEN DU CODE LA ROUTE [&hellip;]\" \/>\n<meta property=\"og:url\" content=\"https:\/\/autoecole-defontaine.fr\/index.php\/code-de-la-route-moto\/\" \/>\n<meta property=\"og:site_name\" content=\"Auto Ecole Defontaine\" \/>\n<meta property=\"article:modified_time\" content=\"2024-04-26T15:11:26+00:00\" \/>\n<meta property=\"og:image\" content=\"https:\/\/autoecole-defontaine.fr\/wp-content\/uploads\/2024\/04\/icon-codedelaroute.png\" \/>\n<meta name=\"twitter:card\" content=\"summary_large_image\" \/>\n<meta name=\"twitter:label1\" content=\"Dur\u00e9e de lecture estim\u00e9e\" \/>\n\t<meta name=\"twitter:data1\" content=\"1 minute\" \/>\n<script type=\"application\/ld+json\" class=\"yoast-schema-graph\">{\"@context\":\"https:\/\/schema.org\",\"@graph\":[{\"@type\":\"WebPage\",\"@id\":\"https:\/\/autoecole-defontaine.fr\/index.php\/code-de-la-route-moto\/\",\"url\":\"https:\/\/autoecole-defontaine.fr\/index.php\/code-de-la-route-moto\/\",\"name\":\"Code de la route moto - Auto Ecole Defontaine\",\"isPartOf\":{\"@id\":\"https:\/\/autoecole-defontaine.fr\/#website\"},\"primaryImageOfPage\":{\"@id\":\"https:\/\/autoecole-defontaine.fr\/index.php\/code-de-la-route-moto\/#primaryimage\"},\"image\":{\"@id\":\"https:\/\/autoecole-defontaine.fr\/index.php\/code-de-la-route-moto\/#primaryimage\"},\"thumbnailUrl\":\"https:\/\/autoecole-defontaine.fr\/wp-content\/uploads\/2024\/04\/icon-codedelaroute.png\",\"datePublished\":\"2024-04-18T09:28:55+00:00\",\"dateModified\":\"2024-04-26T15:11:26+00:00\",\"breadcrumb\":{\"@id\":\"https:\/\/autoecole-defontaine.fr\/index.php\/code-de-la-route-moto\/#breadcrumb\"},\"inLanguage\":\"fr-FR\",\"potentialAction\":[{\"@type\":\"ReadAction\",\"target\":[\"https:\/\/autoecole-defontaine.fr\/index.php\/code-de-la-route-moto\/\"]}]},{\"@type\":\"ImageObject\",\"inLanguage\":\"fr-FR\",\"@id\":\"https:\/\/autoecole-defontaine.fr\/index.php\/code-de-la-route-moto\/#primaryimage\",\"url\":\"https:\/\/autoecole-defontaine.fr\/wp-content\/uploads\/2024\/04\/icon-codedelaroute.png\",\"contentUrl\":\"https:\/\/autoecole-defontaine.fr\/wp-content\/uploads\/2024\/04\/icon-codedelaroute.png\",\"width\":800,\"height\":800},{\"@type\":\"BreadcrumbList\",\"@id\":\"https:\/\/autoecole-defontaine.fr\/index.php\/code-de-la-route-moto\/#breadcrumb\",\"itemListElement\":[{\"@type\":\"ListItem\",\"position\":1,\"name\":\"Accueil\",\"item\":\"https:\/\/autoecole-defontaine.fr\/\"},{\"@type\":\"ListItem\",\"position\":2,\"name\":\"Code de la route moto\"}]},{\"@type\":\"WebSite\",\"@id\":\"https:\/\/autoecole-defontaine.fr\/#website\",\"url\":\"https:\/\/autoecole-defontaine.fr\/\",\"name\":\"Auto Ecole Defontaine\",\"description\":\"Laon 02\",\"publisher\":{\"@id\":\"https:\/\/autoecole-defontaine.fr\/#organization\"},\"potentialAction\":[{\"@type\":\"SearchAction\",\"target\":{\"@type\":\"EntryPoint\",\"urlTemplate\":\"https:\/\/autoecole-defontaine.fr\/?s={search_term_string}\"},\"query-input\":\"required name=search_term_string\"}],\"inLanguage\":\"fr-FR\"},{\"@type\":\"Organization\",\"@id\":\"https:\/\/autoecole-defontaine.fr\/#organization\",\"name\":\"Auto Ecole Defontaine\",\"url\":\"https:\/\/autoecole-defontaine.fr\/\",\"logo\":{\"@type\":\"ImageObject\",\"inLanguage\":\"fr-FR\",\"@id\":\"https:\/\/autoecole-defontaine.fr\/#\/schema\/logo\/image\/\",\"url\":\"https:\/\/autoecole-defontaine.fr\/wp-content\/uploads\/2024\/04\/cropped-Logo-En-Tete-1.png\",\"contentUrl\":\"https:\/\/autoecole-defontaine.fr\/wp-content\/uploads\/2024\/04\/cropped-Logo-En-Tete-1.png\",\"width\":250,\"height\":33,\"caption\":\"Auto Ecole Defontaine\"},\"image\":{\"@id\":\"https:\/\/autoecole-defontaine.fr\/#\/schema\/logo\/image\/\"}}]}<\/script>\n<!-- \/ Yoast SEO plugin. -->","yoast_head_json":{"title":"Code de la route moto - Auto Ecole Defontaine","robots":{"index":"index","follow":"follow","max-snippet":"max-snippet:-1","max-image-preview":"max-image-preview:large","max-video-preview":"max-video-preview:-1"},"canonical":"https:\/\/autoecole-defontaine.fr\/index.php\/code-de-la-route-moto\/","og_locale":"fr_FR","og_type":"article","og_title":"Code de la route moto - Auto Ecole Defontaine","og_description":"code de la route moto Tarif code de la route moto \u00e0 partir de 230\u20ac EXAMEN DU CODE LA ROUTE [&hellip;]","og_url":"https:\/\/autoecole-defontaine.fr\/index.php\/code-de-la-route-moto\/","og_site_name":"Auto Ecole Defontaine","article_modified_time":"2024-04-26T15:11:26+00:00","og_image":[{"url":"https:\/\/autoecole-defontaine.fr\/wp-content\/uploads\/2024\/04\/icon-codedelaroute.png"}],"twitter_card":"summary_large_image","twitter_misc":{"Dur\u00e9e de lecture estim\u00e9e":"1 minute"},"schema":{"@context":"https:\/\/schema.org","@graph":[{"@type":"WebPage","@id":"https:\/\/autoecole-defontaine.fr\/index.php\/code-de-la-route-moto\/","url":"https:\/\/autoecole-defontaine.fr\/index.php\/code-de-la-route-moto\/","name":"Code de la route moto - Auto Ecole Defontaine","isPartOf":{"@id":"https:\/\/autoecole-defontaine.fr\/#website"},"primaryImageOfPage":{"@id":"https:\/\/autoecole-defontaine.fr\/index.php\/code-de-la-route-moto\/#primaryimage"},"image":{"@id":"https:\/\/autoecole-defontaine.fr\/index.php\/code-de-la-route-moto\/#primaryimage"},"thumbnailUrl":"https:\/\/autoecole-defontaine.fr\/wp-content\/uploads\/2024\/04\/icon-codedelaroute.png","datePublished":"2024-04-18T09:28:55+00:00","dateModified":"2024-04-26T15:11:26+00:00","breadcrumb":{"@id":"https:\/\/autoecole-defontaine.fr\/index.php\/code-de-la-route-moto\/#breadcrumb"},"inLanguage":"fr-FR","potentialAction":[{"@type":"ReadAction","target":["https:\/\/autoecole-defontaine.fr\/index.php\/code-de-la-route-moto\/"]}]},{"@type":"ImageObject","inLanguage":"fr-FR","@id":"https:\/\/autoecole-defontaine.fr\/index.php\/code-de-la-route-moto\/#primaryimage","url":"https:\/\/autoecole-defontaine.fr\/wp-content\/uploads\/2024\/04\/icon-codedelaroute.png","contentUrl":"https:\/\/autoecole-defontaine.fr\/wp-content\/uploads\/2024\/04\/icon-codedelaroute.png","width":800,"height":800},{"@type":"BreadcrumbList","@id":"https:\/\/autoecole-defontaine.fr\/index.php\/code-de-la-route-moto\/#breadcrumb","itemListElement":[{"@type":"ListItem","position":1,"name":"Accueil","item":"https:\/\/autoecole-defontaine.fr\/"},{"@type":"ListItem","position":2,"name":"Code de la route moto"}]},{"@type":"WebSite","@id":"https:\/\/autoecole-defontaine.fr\/#website","url":"https:\/\/autoecole-defontaine.fr\/","name":"Auto Ecole Defontaine","description":"Laon 02","publisher":{"@id":"https:\/\/autoecole-defontaine.fr\/#organization"},"potentialAction":[{"@type":"SearchAction","target":{"@type":"EntryPoint","urlTemplate":"https:\/\/autoecole-defontaine.fr\/?s={search_term_string}"},"query-input":"required name=search_term_string"}],"inLanguage":"fr-FR"},{"@type":"Organization","@id":"https:\/\/autoecole-defontaine.fr\/#organization","name":"Auto Ecole Defontaine","url":"https:\/\/autoecole-defontaine.fr\/","logo":{"@type":"ImageObject","inLanguage":"fr-FR","@id":"https:\/\/autoecole-defontaine.fr\/#\/schema\/logo\/image\/","url":"https:\/\/autoecole-defontaine.fr\/wp-content\/uploads\/2024\/04\/cropped-Logo-En-Tete-1.png","contentUrl":"https:\/\/autoecole-defontaine.fr\/wp-content\/uploads\/2024\/04\/cropped-Logo-En-Tete-1.png","width":250,"height":33,"caption":"Auto Ecole Defontaine"},"image":{"@id":"https:\/\/autoecole-defontaine.fr\/#\/schema\/logo\/image\/"}}]}},"_links":{"self":[{"href":"https:\/\/autoecole-defontaine.fr\/index.php\/wp-json\/wp\/v2\/pages\/614","targetHints":{"allow":["GET"]}}],"collection":[{"href":"https:\/\/autoecole-defontaine.fr\/index.php\/wp-json\/wp\/v2\/pages"}],"about":[{"href":"https:\/\/autoecole-defontaine.fr\/index.php\/wp-json\/wp\/v2\/types\/page"}],"author":[{"embeddable":true,"href":"https:\/\/autoecole-defontaine.fr\/index.php\/wp-json\/wp\/v2\/users\/1"}],"replies":[{"embeddable":true,"href":"https:\/\/autoecole-defontaine.fr\/index.php\/wp-json\/wp\/v2\/comments?post=614"}],"version-history":[{"count":6,"href":"https:\/\/autoecole-defontaine.fr\/index.php\/wp-json\/wp\/v2\/pages\/614\/revisions"}],"predecessor-version":[{"id":801,"href":"https:\/\/autoecole-defontaine.fr\/index.php\/wp-json\/wp\/v2\/pages\/614\/revisions\/801"}],"wp:attachment":[{"href":"https:\/\/autoecole-defontaine.fr\/index.php\/wp-json\/wp\/v2\/media?parent=614"}],"curies":[{"name":"wp","href":"https:\/\/api.w.org\/{rel}","templated":true}]}}